{"id":842,"date":"2022-02-14T08:52:55","date_gmt":"2022-02-14T06:52:55","guid":{"rendered":"https:\/\/ringo.eco\/news\/"},"modified":"2022-03-24T08:23:54","modified_gmt":"2022-03-24T06:23:54","slug":"news","status":"publish","type":"page","link":"https:\/\/ringo.eco\/en\/news\/","title":{"rendered":"News"},"content":{"rendered":"\n<div class=\"wp-container-15 wp-block-query\"><ul class=\"wp-container-14 is-flex-container columns-3 wp-block-post-template\"><li class=\"wp-block-post post-2646 post type-post status-publish format-standard has-post-thumbnail hentry category-news\">\n<figure class=\"wp-container-1 alignwide wp-block-post-featured-image\"><a href=\"https:\/\/ringo.eco\/en\/news\/the-green-revolution-of-vending-machines\/\"><img width=\"2560\" height=\"1774\" src=\"https:\/\/ringo.eco\/content\/uploads\/2023\/10\/IMG_2882-scaled.jpg\" class=\"attachment-post-thumbnail size-post-thumbnail wp-post-image\" alt=\"The green revolution of vending machines\" loading=\"lazy\" srcset=\"https:\/\/ringo.eco\/content\/uploads\/2023\/10\/IMG_2882-scaled.jpg 2560w, https:\/\/ringo.eco\/content\/uploads\/2023\/10\/IMG_2882-300x208.jpg 300w, https:\/\/ringo.eco\/content\/uploads\/2023\/10\/IMG_2882-1024x709.jpg 1024w, https:\/\/ringo.eco\/content\/uploads\/2023\/10\/IMG_2882-768x532.jpg 768w, https:\/\/ringo.eco\/content\/uploads\/2023\/10\/IMG_2882-1536x1064.jpg 1536w, https:\/\/ringo.eco\/content\/uploads\/2023\/10\/IMG_2882-2048x1419.jpg 2048w\" sizes=\"(max-width: 2560px) 100vw, 2560px\" \/><\/a><\/figure>\n\n<h2 class=\"wp-block-post-title\"><a href=\"https:\/\/ringo.eco\/en\/news\/the-green-revolution-of-vending-machines\/\" target=\"_self\" rel=\"\">The green revolution of vending machines<\/a><\/h2>\n<\/li><li class=\"wp-block-post post-2394 post type-post status-publish format-standard has-post-thumbnail hentry category-news\">\n<figure class=\"wp-container-2 alignwide wp-block-post-featured-image\"><a href=\"https:\/\/ringo.eco\/en\/news\/video-baltic-e-commerce-forum-2023\/\"><img width=\"1080\" height=\"663\" src=\"https:\/\/ringo.eco\/content\/uploads\/2023\/03\/Screenshot-2023-03-23-at-15.22.18.png\" class=\"attachment-post-thumbnail size-post-thumbnail wp-post-image\" alt=\"VIDEO: Baltic e-Commerce forum 2023\" loading=\"lazy\" srcset=\"https:\/\/ringo.eco\/content\/uploads\/2023\/03\/Screenshot-2023-03-23-at-15.22.18.png 1080w, https:\/\/ringo.eco\/content\/uploads\/2023\/03\/Screenshot-2023-03-23-at-15.22.18-300x184.png 300w, https:\/\/ringo.eco\/content\/uploads\/2023\/03\/Screenshot-2023-03-23-at-15.22.18-1024x629.png 1024w, https:\/\/ringo.eco\/content\/uploads\/2023\/03\/Screenshot-2023-03-23-at-15.22.18-768x471.png 768w\" sizes=\"(max-width: 1080px) 100vw, 1080px\" \/><\/a><\/figure>\n\n<h2 class=\"wp-block-post-title\"><a href=\"https:\/\/ringo.eco\/en\/news\/video-baltic-e-commerce-forum-2023\/\" target=\"_self\" rel=\"\">VIDEO: Baltic e-Commerce forum 2023<\/a><\/h2>\n<\/li><li class=\"wp-block-post post-2368 post type-post status-publish format-standard has-post-thumbnail hentry category-news\">\n<figure class=\"wp-container-3 alignwide wp-block-post-featured-image\"><a href=\"https:\/\/ringo.eco\/en\/news\/video-tallinn-european-green-capital-2023\/\"><img width=\"1080\" height=\"632\" src=\"https:\/\/ringo.eco\/content\/uploads\/2023\/02\/Screenshot-2023-02-03-at-10.00.40.png\" class=\"attachment-post-thumbnail size-post-thumbnail wp-post-image\" alt=\"VIDEO: Tallinn European Green Capital 2023\" loading=\"lazy\" srcset=\"https:\/\/ringo.eco\/content\/uploads\/2023\/02\/Screenshot-2023-02-03-at-10.00.40.png 1080w, https:\/\/ringo.eco\/content\/uploads\/2023\/02\/Screenshot-2023-02-03-at-10.00.40-300x176.png 300w, https:\/\/ringo.eco\/content\/uploads\/2023\/02\/Screenshot-2023-02-03-at-10.00.40-1024x599.png 1024w, https:\/\/ringo.eco\/content\/uploads\/2023\/02\/Screenshot-2023-02-03-at-10.00.40-768x449.png 768w\" sizes=\"(max-width: 1080px) 100vw, 1080px\" \/><\/a><\/figure>\n\n<h2 class=\"wp-block-post-title\"><a href=\"https:\/\/ringo.eco\/en\/news\/video-tallinn-european-green-capital-2023\/\" target=\"_self\" rel=\"\">VIDEO: Tallinn European Green Capital 2023<\/a><\/h2>\n<\/li><li class=\"wp-block-post post-2358 post type-post status-publish format-standard has-post-thumbnail hentry category-news\">\n<figure class=\"wp-container-4 alignwide wp-block-post-featured-image\"><a href=\"https:\/\/ringo.eco\/en\/news\/tallinn-city-government-approved-new-waste-management-regulations\/\"><img width=\"1080\" height=\"679\" src=\"https:\/\/ringo.eco\/content\/uploads\/2023\/02\/Ringo_uudis.png\" class=\"attachment-post-thumbnail size-post-thumbnail wp-post-image\" alt=\"Tallinn City Government approved new waste management regulations\" loading=\"lazy\" srcset=\"https:\/\/ringo.eco\/content\/uploads\/2023\/02\/Ringo_uudis.png 1080w, https:\/\/ringo.eco\/content\/uploads\/2023\/02\/Ringo_uudis-300x189.png 300w, https:\/\/ringo.eco\/content\/uploads\/2023\/02\/Ringo_uudis-1024x644.png 1024w, https:\/\/ringo.eco\/content\/uploads\/2023\/02\/Ringo_uudis-768x483.png 768w\" sizes=\"(max-width: 1080px) 100vw, 1080px\" \/><\/a><\/figure>\n\n<h2 class=\"wp-block-post-title\"><a href=\"https:\/\/ringo.eco\/en\/news\/tallinn-city-government-approved-new-waste-management-regulations\/\" target=\"_self\" rel=\"\">Tallinn City Government approved new waste management regulations<\/a><\/h2>\n<\/li><li class=\"wp-block-post post-2273 post type-post status-publish format-standard has-post-thumbnail hentry category-news\">\n<figure class=\"wp-container-5 alignwide wp-block-post-featured-image\"><a href=\"https:\/\/ringo.eco\/en\/news\/aripaev-publication-top-greentech-company-is-ringo-eco\/\"><img width=\"1080\" height=\"680\" src=\"https:\/\/ringo.eco\/content\/uploads\/2022\/10\/316125055_643657420882463_5976955733296452579_n.jpeg\" class=\"attachment-post-thumbnail size-post-thumbnail wp-post-image\" alt=\"\u00c4rip\u00e4ev publication TOP greentech company is Ringo Eco!\" loading=\"lazy\" srcset=\"https:\/\/ringo.eco\/content\/uploads\/2022\/10\/316125055_643657420882463_5976955733296452579_n.jpeg 1080w, https:\/\/ringo.eco\/content\/uploads\/2022\/10\/316125055_643657420882463_5976955733296452579_n-300x189.jpeg 300w, https:\/\/ringo.eco\/content\/uploads\/2022\/10\/316125055_643657420882463_5976955733296452579_n-1024x645.jpeg 1024w, https:\/\/ringo.eco\/content\/uploads\/2022\/10\/316125055_643657420882463_5976955733296452579_n-768x484.jpeg 768w\" sizes=\"(max-width: 1080px) 100vw, 1080px\" \/><\/a><\/figure>\n\n<h2 class=\"wp-block-post-title\"><a href=\"https:\/\/ringo.eco\/en\/news\/aripaev-publication-top-greentech-company-is-ringo-eco\/\" target=\"_self\" rel=\"\">\u00c4rip\u00e4ev publication TOP greentech company is Ringo Eco!<\/a><\/h2>\n<\/li><li class=\"wp-block-post post-2077 post type-post status-publish format-standard has-post-thumbnail hentry category-news\">\n<figure class=\"wp-container-6 alignwide wp-block-post-featured-image\"><a href=\"https:\/\/ringo.eco\/en\/news\/reuse-vapiano-boxes-with-ringo\/\"><img width=\"1080\" height=\"685\" src=\"https:\/\/ringo.eco\/content\/uploads\/2022\/10\/vapiano_header_2.png\" class=\"attachment-post-thumbnail size-post-thumbnail wp-post-image\" alt=\"Project has ended! Reuse Vapiano boxes with Ringo.\" loading=\"lazy\" srcset=\"https:\/\/ringo.eco\/content\/uploads\/2022\/10\/vapiano_header_2.png 1080w, https:\/\/ringo.eco\/content\/uploads\/2022\/10\/vapiano_header_2-300x190.png 300w, https:\/\/ringo.eco\/content\/uploads\/2022\/10\/vapiano_header_2-1024x649.png 1024w, https:\/\/ringo.eco\/content\/uploads\/2022\/10\/vapiano_header_2-768x487.png 768w\" sizes=\"(max-width: 1080px) 100vw, 1080px\" \/><\/a><\/figure>\n\n<h2 class=\"wp-block-post-title\"><a href=\"https:\/\/ringo.eco\/en\/news\/reuse-vapiano-boxes-with-ringo\/\" target=\"_self\" rel=\"\">Project has ended! Reuse Vapiano boxes with Ringo.<\/a><\/h2>\n<\/li><li class=\"wp-block-post post-1923 post type-post status-publish format-standard has-post-thumbnail hentry category-news\">\n<figure class=\"wp-container-7 alignwide wp-block-post-featured-image\"><a href=\"https:\/\/ringo.eco\/en\/news\/tallinn-marathon-abandons-disposable-packaging-waste-generation\/\"><img width=\"1600\" height=\"900\" src=\"https:\/\/ringo.eco\/content\/uploads\/2022\/09\/maraton_header.png\" class=\"attachment-post-thumbnail size-post-thumbnail wp-post-image\" alt=\"Tallinn Marathon abandons disposable packaging waste generation\" loading=\"lazy\" srcset=\"https:\/\/ringo.eco\/content\/uploads\/2022\/09\/maraton_header.png 1600w, https:\/\/ringo.eco\/content\/uploads\/2022\/09\/maraton_header-300x169.png 300w, https:\/\/ringo.eco\/content\/uploads\/2022\/09\/maraton_header-1024x576.png 1024w, https:\/\/ringo.eco\/content\/uploads\/2022\/09\/maraton_header-768x432.png 768w, https:\/\/ringo.eco\/content\/uploads\/2022\/09\/maraton_header-1536x864.png 1536w\" sizes=\"(max-width: 1600px) 100vw, 1600px\" \/><\/a><\/figure>\n\n<h2 class=\"wp-block-post-title\"><a href=\"https:\/\/ringo.eco\/en\/news\/tallinn-marathon-abandons-disposable-packaging-waste-generation\/\" target=\"_self\" rel=\"\">Tallinn Marathon abandons disposable packaging waste generation<\/a><\/h2>\n<\/li><li class=\"wp-block-post post-1692 post type-post status-publish format-standard has-post-thumbnail hentry category-news\">\n<figure class=\"wp-container-8 alignwide wp-block-post-featured-image\"><a href=\"https:\/\/ringo.eco\/en\/news\/tallinns-ulemiste-city-moves-away-from-single-use-packaging\/\"><img width=\"900\" height=\"400\" src=\"https:\/\/ringo.eco\/content\/uploads\/2022\/02\/Kodu-Korteriuhistu.jpg\" class=\"attachment-post-thumbnail size-post-thumbnail wp-post-image\" alt=\"Tallinn\u2019s \u00dclemiste City moves away from single-use packaging\" loading=\"lazy\" srcset=\"https:\/\/ringo.eco\/content\/uploads\/2022\/02\/Kodu-Korteriuhistu.jpg 900w, https:\/\/ringo.eco\/content\/uploads\/2022\/02\/Kodu-Korteriuhistu-300x133.jpg 300w, https:\/\/ringo.eco\/content\/uploads\/2022\/02\/Kodu-Korteriuhistu-768x341.jpg 768w\" sizes=\"(max-width: 900px) 100vw, 900px\" \/><\/a><\/figure>\n\n<h2 class=\"wp-block-post-title\"><a href=\"https:\/\/ringo.eco\/en\/news\/tallinns-ulemiste-city-moves-away-from-single-use-packaging\/\" target=\"_self\" rel=\"\">Tallinn\u2019s \u00dclemiste City moves away from single-use packaging<\/a><\/h2>\n<\/li><li class=\"wp-block-post post-1229 post type-post status-publish format-standard has-post-thumbnail hentry category-news\">\n<figure class=\"wp-container-9 alignwide wp-block-post-featured-image\"><a href=\"https:\/\/ringo.eco\/en\/news\/estonias-biggest-womens-health-and-sport-event-stops-generating-single-use-packaging-waste\/\"><img width=\"1200\" height=\"800\" src=\"https:\/\/ringo.eco\/content\/uploads\/2022\/05\/maijooks2022.jpg\" class=\"attachment-post-thumbnail size-post-thumbnail wp-post-image\" alt=\"Estonia&#8217;s biggest women&#8217;s health and sport event stops generating single-use packaging waste\" loading=\"lazy\" srcset=\"https:\/\/ringo.eco\/content\/uploads\/2022\/05\/maijooks2022.jpg 1200w, https:\/\/ringo.eco\/content\/uploads\/2022\/05\/maijooks2022-300x200.jpg 300w, https:\/\/ringo.eco\/content\/uploads\/2022\/05\/maijooks2022-1024x683.jpg 1024w, https:\/\/ringo.eco\/content\/uploads\/2022\/05\/maijooks2022-768x512.jpg 768w\" sizes=\"(max-width: 1200px) 100vw, 1200px\" \/><\/a><\/figure>\n\n<h2 class=\"wp-block-post-title\"><a href=\"https:\/\/ringo.eco\/en\/news\/estonias-biggest-womens-health-and-sport-event-stops-generating-single-use-packaging-waste\/\" target=\"_self\" rel=\"\">Estonia&#8217;s biggest women&#8217;s health and sport event stops generating single-use packaging waste<\/a><\/h2>\n<\/li><li class=\"wp-block-post post-1213 post type-post status-publish format-standard has-post-thumbnail hentry category-news\">\n<figure class=\"wp-container-10 alignwide wp-block-post-featured-image\"><a href=\"https:\/\/ringo.eco\/en\/news\/collab-with-wolt-food-delivery-platform\/\"><img width=\"1170\" height=\"595\" src=\"https:\/\/ringo.eco\/content\/uploads\/2022\/05\/wolt_header.jpg\" class=\"attachment-post-thumbnail size-post-thumbnail wp-post-image\" alt=\"Collab with Wolt food delivery platform\" loading=\"lazy\" srcset=\"https:\/\/ringo.eco\/content\/uploads\/2022\/05\/wolt_header.jpg 1170w, https:\/\/ringo.eco\/content\/uploads\/2022\/05\/wolt_header-300x153.jpg 300w, https:\/\/ringo.eco\/content\/uploads\/2022\/05\/wolt_header-1024x521.jpg 1024w, https:\/\/ringo.eco\/content\/uploads\/2022\/05\/wolt_header-768x391.jpg 768w\" sizes=\"(max-width: 1170px) 100vw, 1170px\" \/><\/a><\/figure>\n\n<h2 class=\"wp-block-post-title\"><a href=\"https:\/\/ringo.eco\/en\/news\/collab-with-wolt-food-delivery-platform\/\" target=\"_self\" rel=\"\">Collab with Wolt food delivery platform<\/a><\/h2>\n<\/li><li class=\"wp-block-post post-857 post type-post status-publish format-standard has-post-thumbnail hentry category-news\">\n<figure class=\"wp-container-11 alignwide wp-block-post-featured-image\"><a href=\"https:\/\/ringo.eco\/en\/news\/kvartali-coop-maksimarket-you-can-buy-takeaway-food-in-reusable-packaging\/\"><img width=\"900\" height=\"400\" src=\"https:\/\/ringo.eco\/content\/uploads\/2022\/02\/Pakendi-taisring.jpg\" class=\"attachment-post-thumbnail size-post-thumbnail wp-post-image\" alt=\"In Kvartali Coop Maksimarket you can buy takeaway food in reusable packaging\" loading=\"lazy\" srcset=\"https:\/\/ringo.eco\/content\/uploads\/2022\/02\/Pakendi-taisring.jpg 900w, https:\/\/ringo.eco\/content\/uploads\/2022\/02\/Pakendi-taisring-300x133.jpg 300w, https:\/\/ringo.eco\/content\/uploads\/2022\/02\/Pakendi-taisring-768x341.jpg 768w\" sizes=\"(max-width: 900px) 100vw, 900px\" \/><\/a><\/figure>\n\n<h2 class=\"wp-block-post-title\"><a href=\"https:\/\/ringo.eco\/en\/news\/kvartali-coop-maksimarket-you-can-buy-takeaway-food-in-reusable-packaging\/\" target=\"_self\" rel=\"\">In Kvartali Coop Maksimarket you can buy takeaway food in reusable packaging<\/a><\/h2>\n<\/li><li class=\"wp-block-post post-844 post type-post status-publish format-standard has-post-thumbnail hentry category-news\">\n<figure class=\"wp-container-12 alignwide wp-block-post-featured-image\"><a href=\"https:\/\/ringo.eco\/en\/news\/ringo-eco-builds-northern-europes-largest-food-packaging-cleaning-center\/\"><img width=\"1920\" height=\"1280\" src=\"https:\/\/ringo.eco\/content\/uploads\/2022\/02\/Ringo-Eco-rajab-Pohja-Euroopa-suurima-toidupakendite-pesukeskuse.jpg\" class=\"attachment-post-thumbnail size-post-thumbnail wp-post-image\" alt=\"Ringo Eco builds Northern Europe\u2019s largest food packaging cleaning center\" loading=\"lazy\" srcset=\"https:\/\/ringo.eco\/content\/uploads\/2022\/02\/Ringo-Eco-rajab-Pohja-Euroopa-suurima-toidupakendite-pesukeskuse.jpg 1920w, https:\/\/ringo.eco\/content\/uploads\/2022\/02\/Ringo-Eco-rajab-Pohja-Euroopa-suurima-toidupakendite-pesukeskuse-300x200.jpg 300w, https:\/\/ringo.eco\/content\/uploads\/2022\/02\/Ringo-Eco-rajab-Pohja-Euroopa-suurima-toidupakendite-pesukeskuse-1024x683.jpg 1024w, https:\/\/ringo.eco\/content\/uploads\/2022\/02\/Ringo-Eco-rajab-Pohja-Euroopa-suurima-toidupakendite-pesukeskuse-768x512.jpg 768w, https:\/\/ringo.eco\/content\/uploads\/2022\/02\/Ringo-Eco-rajab-Pohja-Euroopa-suurima-toidupakendite-pesukeskuse-1536x1024.jpg 1536w\" sizes=\"(max-width: 1920px) 100vw, 1920px\" \/><\/a><\/figure>\n\n<h2 class=\"wp-block-post-title\"><a href=\"https:\/\/ringo.eco\/en\/news\/ringo-eco-builds-northern-europes-largest-food-packaging-cleaning-center\/\" target=\"_self\" rel=\"\">Ringo Eco builds Northern Europe\u2019s largest food packaging cleaning center<\/a><\/h2>\n<\/li><li class=\"wp-block-post post-666 post type-post status-publish format-standard has-post-thumbnail hentry category-news\">\n<figure class=\"wp-container-13 alignwide wp-block-post-featured-image\"><a href=\"https:\/\/ringo.eco\/en\/news\/ringo-eco-raised-500000-euros-for-developing-a-recycling-system-for-ready-to-eat-food-packaging\/\"><img width=\"900\" height=\"400\" src=\"https:\/\/ringo.eco\/content\/uploads\/2022\/02\/Toidu-kaasamuuk-korduspakendisse.jpg\" class=\"attachment-post-thumbnail size-post-thumbnail wp-post-image\" alt=\"Ringo Eco raised 500,000 euros for developing a recycling system for ready-to-eat food packaging\" loading=\"lazy\" srcset=\"https:\/\/ringo.eco\/content\/uploads\/2022\/02\/Toidu-kaasamuuk-korduspakendisse.jpg 900w, https:\/\/ringo.eco\/content\/uploads\/2022\/02\/Toidu-kaasamuuk-korduspakendisse-300x133.jpg 300w, https:\/\/ringo.eco\/content\/uploads\/2022\/02\/Toidu-kaasamuuk-korduspakendisse-768x341.jpg 768w\" sizes=\"(max-width: 900px) 100vw, 900px\" \/><\/a><\/figure>\n\n<h2 class=\"wp-block-post-title\"><a href=\"https:\/\/ringo.eco\/en\/news\/ringo-eco-raised-500000-euros-for-developing-a-recycling-system-for-ready-to-eat-food-packaging\/\" target=\"_self\" rel=\"\">Ringo Eco raised 500,000 euros for developing a recycling system for ready-to-eat food packaging<\/a><\/h2>\n<\/li><\/ul><\/div>\n","protected":false},"excerpt":{"rendered":"","protected":false},"author":1,"featured_media":0,"parent":0,"menu_order":0,"comment_status":"closed","ping_status":"closed","template":"","meta":{"inline_featured_image":false},"acf":[],"yoast_head":"<title>News - Ringo<\/title>\n<meta name=\"description\" content=\"Meie eesm\u00e4rk on v\u00e4hendada \u00fchekordsete pakendite pr\u00fcgi. Ringo Eco arendab skaleeritavat, avatud ja neutraalset korduspakendite platvormi. Oma pakendeid v\u00f5ivad Ringo platvormile tuua toidutootjad, restoranid ja kaupmehed. Ringo Eco tagab korje, pesu ja pakendite haldamise. L\u00f5pp-tarbijatele pakub Ringo Eco korduspakendite korje ja \u00e4raveo teenuseid. Tagastuskaste v\u00f5ivad tellida kontorihooned, toidukohad, \u00fchistud, eramajad jt.\" \/>\n<meta name=\"robots\" content=\"index, follow, max-snippet:-1, max-image-preview:large, max-video-preview:-1\" \/>\n<link rel=\"canonical\" href=\"https:\/\/ringo.eco\/en\/news\/\" \/>\n<meta property=\"og:locale\" content=\"en_US\" \/>\n<meta property=\"og:type\" content=\"article\" \/>\n<meta property=\"og:title\" content=\"News - Ringo\" \/>\n<meta property=\"og:description\" content=\"Meie eesm\u00e4rk on v\u00e4hendada \u00fchekordsete pakendite pr\u00fcgi. Ringo Eco arendab skaleeritavat, avatud ja neutraalset korduspakendite platvormi. Oma pakendeid v\u00f5ivad Ringo platvormile tuua toidutootjad, restoranid ja kaupmehed. Ringo Eco tagab korje, pesu ja pakendite haldamise. L\u00f5pp-tarbijatele pakub Ringo Eco korduspakendite korje ja \u00e4raveo teenuseid. Tagastuskaste v\u00f5ivad tellida kontorihooned, toidukohad, \u00fchistud, eramajad jt.\" \/>\n<meta property=\"og:url\" content=\"https:\/\/ringo.eco\/en\/news\/\" \/>\n<meta property=\"og:site_name\" content=\"Ringo\" \/>\n<meta property=\"article:publisher\" content=\"https:\/\/www.facebook.com\/ringo.eesti\" \/>\n<meta property=\"article:modified_time\" content=\"2022-03-24T06:23:54+00:00\" \/>\n<meta property=\"og:image\" content=\"https:\/\/ringo.eco\/content\/uploads\/2022\/03\/Jaatmevaba-uritus.jpg\" \/>\n\t<meta property=\"og:image:width\" content=\"900\" \/>\n\t<meta property=\"og:image:height\" content=\"400\" \/>\n\t<meta property=\"og:image:type\" content=\"image\/jpeg\" \/>\n<meta name=\"twitter:card\" content=\"summary_large_image\" \/>\n<script type=\"application\/ld+json\" class=\"yoast-schema-graph\">{\"@context\":\"https:\/\/schema.org\",\"@graph\":[{\"@type\":\"Organization\",\"@id\":\"https:\/\/ringo.eco\/#organization\",\"name\":\"Ringo Eco\",\"url\":\"https:\/\/ringo.eco\/\",\"sameAs\":[\"https:\/\/www.facebook.com\/ringo.eesti\",\"https:\/\/www.instagram.com\/ringo.eesti\/\",\"https:\/\/www.linkedin.com\/company\/ringo-eco\/\",\"https:\/\/www.youtube.com\/channel\/UCr7xYm01CfRlsL-v9zU3hxw\"],\"logo\":{\"@type\":\"ImageObject\",\"@id\":\"https:\/\/ringo.eco\/#logo\",\"inLanguage\":\"en-US\",\"url\":\"https:\/\/ringo.eco\/content\/uploads\/2022\/02\/ringo-logo.svg\",\"contentUrl\":\"https:\/\/ringo.eco\/content\/uploads\/2022\/02\/ringo-logo.svg\",\"width\":487,\"height\":212,\"caption\":\"Ringo Eco\"},\"image\":{\"@id\":\"https:\/\/ringo.eco\/#logo\"}},{\"@type\":\"WebSite\",\"@id\":\"https:\/\/ringo.eco\/#website\",\"url\":\"https:\/\/ringo.eco\/\",\"name\":\"Ringo\",\"description\":\"Keeping our nature clean\",\"publisher\":{\"@id\":\"https:\/\/ringo.eco\/#organization\"},\"potentialAction\":[{\"@type\":\"SearchAction\",\"target\":{\"@type\":\"EntryPoint\",\"urlTemplate\":\"https:\/\/ringo.eco\/?s={search_term_string}\"},\"query-input\":\"required name=search_term_string\"}],\"inLanguage\":\"en-US\"},{\"@type\":\"WebPage\",\"@id\":\"https:\/\/ringo.eco\/en\/news\/#webpage\",\"url\":\"https:\/\/ringo.eco\/en\/news\/\",\"name\":\"News - Ringo\",\"isPartOf\":{\"@id\":\"https:\/\/ringo.eco\/#website\"},\"datePublished\":\"2022-02-14T06:52:55+00:00\",\"dateModified\":\"2022-03-24T06:23:54+00:00\",\"description\":\"Meie eesm\u00e4rk on v\u00e4hendada \u00fchekordsete pakendite pr\u00fcgi. Ringo Eco arendab skaleeritavat, avatud ja neutraalset korduspakendite platvormi. Oma pakendeid v\u00f5ivad Ringo platvormile tuua toidutootjad, restoranid ja kaupmehed. Ringo Eco tagab korje, pesu ja pakendite haldamise. L\u00f5pp-tarbijatele pakub Ringo Eco korduspakendite korje ja \u00e4raveo teenuseid. Tagastuskaste v\u00f5ivad tellida kontorihooned, toidukohad, \u00fchistud, eramajad jt.\",\"breadcrumb\":{\"@id\":\"https:\/\/ringo.eco\/en\/news\/#breadcrumb\"},\"inLanguage\":\"en-US\",\"potentialAction\":[{\"@type\":\"ReadAction\",\"target\":[\"https:\/\/ringo.eco\/en\/news\/\"]}]},{\"@type\":\"BreadcrumbList\",\"@id\":\"https:\/\/ringo.eco\/en\/news\/#breadcrumb\",\"itemListElement\":[{\"@type\":\"ListItem\",\"position\":1,\"name\":\"Home\",\"item\":\"https:\/\/ringo.eco\/en\/\"},{\"@type\":\"ListItem\",\"position\":2,\"name\":\"News\"}]}]}<\/script>","yoast_head_json":{"title":"News - Ringo","description":"Meie eesm\u00e4rk on v\u00e4hendada \u00fchekordsete pakendite pr\u00fcgi. Ringo Eco arendab skaleeritavat, avatud ja neutraalset korduspakendite platvormi. Oma pakendeid v\u00f5ivad Ringo platvormile tuua toidutootjad, restoranid ja kaupmehed. Ringo Eco tagab korje, pesu ja pakendite haldamise. L\u00f5pp-tarbijatele pakub Ringo Eco korduspakendite korje ja \u00e4raveo teenuseid. Tagastuskaste v\u00f5ivad tellida kontorihooned, toidukohad, \u00fchistud, eramajad jt.","robots":{"index":"index","follow":"follow","max-snippet":"max-snippet:-1","max-image-preview":"max-image-preview:large","max-video-preview":"max-video-preview:-1"},"canonical":"https:\/\/ringo.eco\/en\/news\/","og_locale":"en_US","og_type":"article","og_title":"News - Ringo","og_description":"Meie eesm\u00e4rk on v\u00e4hendada \u00fchekordsete pakendite pr\u00fcgi. Ringo Eco arendab skaleeritavat, avatud ja neutraalset korduspakendite platvormi. Oma pakendeid v\u00f5ivad Ringo platvormile tuua toidutootjad, restoranid ja kaupmehed. Ringo Eco tagab korje, pesu ja pakendite haldamise. L\u00f5pp-tarbijatele pakub Ringo Eco korduspakendite korje ja \u00e4raveo teenuseid. Tagastuskaste v\u00f5ivad tellida kontorihooned, toidukohad, \u00fchistud, eramajad jt.","og_url":"https:\/\/ringo.eco\/en\/news\/","og_site_name":"Ringo","article_publisher":"https:\/\/www.facebook.com\/ringo.eesti","article_modified_time":"2022-03-24T06:23:54+00:00","og_image":[{"width":900,"height":400,"url":"https:\/\/ringo.eco\/content\/uploads\/2022\/03\/Jaatmevaba-uritus.jpg","type":"image\/jpeg"}],"twitter_card":"summary_large_image","schema":{"@context":"https:\/\/schema.org","@graph":[{"@type":"Organization","@id":"https:\/\/ringo.eco\/#organization","name":"Ringo Eco","url":"https:\/\/ringo.eco\/","sameAs":["https:\/\/www.facebook.com\/ringo.eesti","https:\/\/www.instagram.com\/ringo.eesti\/","https:\/\/www.linkedin.com\/company\/ringo-eco\/","https:\/\/www.youtube.com\/channel\/UCr7xYm01CfRlsL-v9zU3hxw"],"logo":{"@type":"ImageObject","@id":"https:\/\/ringo.eco\/#logo","inLanguage":"en-US","url":"https:\/\/ringo.eco\/content\/uploads\/2022\/02\/ringo-logo.svg","contentUrl":"https:\/\/ringo.eco\/content\/uploads\/2022\/02\/ringo-logo.svg","width":487,"height":212,"caption":"Ringo Eco"},"image":{"@id":"https:\/\/ringo.eco\/#logo"}},{"@type":"WebSite","@id":"https:\/\/ringo.eco\/#website","url":"https:\/\/ringo.eco\/","name":"Ringo","description":"Keeping our nature clean","publisher":{"@id":"https:\/\/ringo.eco\/#organization"},"potentialAction":[{"@type":"SearchAction","target":{"@type":"EntryPoint","urlTemplate":"https:\/\/ringo.eco\/?s={search_term_string}"},"query-input":"required name=search_term_string"}],"inLanguage":"en-US"},{"@type":"WebPage","@id":"https:\/\/ringo.eco\/en\/news\/#webpage","url":"https:\/\/ringo.eco\/en\/news\/","name":"News - Ringo","isPartOf":{"@id":"https:\/\/ringo.eco\/#website"},"datePublished":"2022-02-14T06:52:55+00:00","dateModified":"2022-03-24T06:23:54+00:00","description":"Meie eesm\u00e4rk on v\u00e4hendada \u00fchekordsete pakendite pr\u00fcgi. Ringo Eco arendab skaleeritavat, avatud ja neutraalset korduspakendite platvormi. Oma pakendeid v\u00f5ivad Ringo platvormile tuua toidutootjad, restoranid ja kaupmehed. Ringo Eco tagab korje, pesu ja pakendite haldamise. L\u00f5pp-tarbijatele pakub Ringo Eco korduspakendite korje ja \u00e4raveo teenuseid. Tagastuskaste v\u00f5ivad tellida kontorihooned, toidukohad, \u00fchistud, eramajad jt.","breadcrumb":{"@id":"https:\/\/ringo.eco\/en\/news\/#breadcrumb"},"inLanguage":"en-US","potentialAction":[{"@type":"ReadAction","target":["https:\/\/ringo.eco\/en\/news\/"]}]},{"@type":"BreadcrumbList","@id":"https:\/\/ringo.eco\/en\/news\/#breadcrumb","itemListElement":[{"@type":"ListItem","position":1,"name":"Home","item":"https:\/\/ringo.eco\/en\/"},{"@type":"ListItem","position":2,"name":"News"}]}]}},"_links":{"self":[{"href":"https:\/\/ringo.eco\/en\/wp-json\/wp\/v2\/pages\/842"}],"collection":[{"href":"https:\/\/ringo.eco\/en\/wp-json\/wp\/v2\/pages"}],"about":[{"href":"https:\/\/ringo.eco\/en\/wp-json\/wp\/v2\/types\/page"}],"author":[{"embeddable":true,"href":"https:\/\/ringo.eco\/en\/wp-json\/wp\/v2\/users\/1"}],"replies":[{"embeddable":true,"href":"https:\/\/ringo.eco\/en\/wp-json\/wp\/v2\/comments?post=842"}],"version-history":[{"count":1,"href":"https:\/\/ringo.eco\/en\/wp-json\/wp\/v2\/pages\/842\/revisions"}],"predecessor-version":[{"id":843,"href":"https:\/\/ringo.eco\/en\/wp-json\/wp\/v2\/pages\/842\/revisions\/843"}],"wp:attachment":[{"href":"https:\/\/ringo.eco\/en\/wp-json\/wp\/v2\/media?parent=842"}],"curies":[{"name":"wp","href":"https:\/\/api.w.org\/{rel}","templated":true}]}}