{"id":751,"date":"2022-03-14T19:19:04","date_gmt":"2022-03-14T17:19:04","guid":{"rendered":"https:\/\/ringo.eco\/?page_id=751"},"modified":"2025-05-20T11:13:25","modified_gmt":"2025-05-20T08:13:25","slug":"contact","status":"publish","type":"page","link":"https:\/\/ringo.eco\/en\/contact\/","title":{"rendered":"Contact"},"content":{"rendered":"\n<div class=\"wp-container-3 wp-block-group\">\n<div class=\"wp-container-2 wp-block-columns\">\n<div class=\"wp-container-1 wp-block-column\">\n<p style=\"text-align: center;\">Company name: Ringo Eco O\u00dc<\/p>\n<p style=\"text-align: center;\">Register code: 16092837<\/p>\n<p style=\"text-align: center;\">VAT number: EE102306013<\/p>\n<p style=\"text-align: center;\">Address: Betooni 7, 13816<span style=\"font-size: revert; color: initial;\">&nbsp;Tallinn<\/span><\/p>\n<p style=\"text-align: center;\">Telephone number: +372 5885 7268<\/p>\n<p style=\"text-align: center;\">Sales and inquiry&#8217;s: <a href=\"mailto:sales@ringo.eco\">sales@ringo.eco<\/a><\/p>\n<p style=\"text-align: center;\">Info: <a href=\"mailto:info@ringo.eco\">info@ringo.eco<\/a><\/p>\n<p style=\"text-align: center;\">Accounting: <a href=\"mailto:accounting@ringo.eco\">accounting@ringo.eco<\/a><\/p>\n<\/div>\n<\/div>\n<\/div>\n\n\n\n<div style=\"height:39px\" aria-hidden=\"true\" class=\"wp-block-spacer\"><\/div>\n\n\n\n<div class=\"wp-container-18 wp-block-columns\">\n<div class=\"wp-container-17 wp-block-column\" style=\"flex-basis:100%\">\n<div class=\"wp-container-16 wp-block-group\">\n<div class=\"wp-container-15 wp-block-columns\">\n<div class=\"wp-container-14 wp-block-column\" style=\"flex-basis:100%\">\n<div class=\"wp-container-13 wp-block-columns\">\n<div class=\"wp-container-12 wp-block-column\" style=\"flex-basis:100%\">\n<div class=\"wp-container-11 wp-block-group\">\n<div class=\"wp-container-10 wp-block-group\">\n<div class=\"wp-container-9 wp-block-columns\">\n<div class=\"wp-container-8 wp-block-column\" style=\"flex-basis:100%\">\n<div class=\"wp-container-7 wp-block-columns\">\n<div class=\"wp-container-4 wp-block-column\"><div class=\"team-member-block\">\n\t<figure>\n\t\t<img width=\"200\" height=\"300\" src=\"https:\/\/ringo.eco\/content\/uploads\/2022\/07\/Janek-B_2-200x300.jpg\" class=\"attachment-medium size-medium\" alt=\"\" loading=\"lazy\" srcset=\"https:\/\/ringo.eco\/content\/uploads\/2022\/07\/Janek-B_2-200x300.jpg 200w, https:\/\/ringo.eco\/content\/uploads\/2022\/07\/Janek-B_2-682x1024.jpg 682w, https:\/\/ringo.eco\/content\/uploads\/2022\/07\/Janek-B_2-768x1152.jpg 768w, https:\/\/ringo.eco\/content\/uploads\/2022\/07\/Janek-B_2.jpg 769w\" sizes=\"(max-width: 200px) 100vw, 200px\" \/>\t<\/figure>\n\n\t<h2 class=\"team-member-block__name\">Janek &#8211; Founder<\/h2>\n<\/div>\n<\/div>\n\n\n\n<div class=\"wp-container-5 wp-block-column\"><div class=\"team-member-block\">\n\t<figure>\n\t\t<img width=\"200\" height=\"300\" src=\"https:\/\/ringo.eco\/content\/uploads\/2022\/03\/Kaarel-200x300.jpg\" class=\"attachment-medium size-medium\" alt=\"\" loading=\"lazy\" srcset=\"https:\/\/ringo.eco\/content\/uploads\/2022\/03\/Kaarel-200x300.jpg 200w, https:\/\/ringo.eco\/content\/uploads\/2022\/03\/Kaarel-683x1024.jpg 683w, https:\/\/ringo.eco\/content\/uploads\/2022\/03\/Kaarel-768x1152.jpg 768w, https:\/\/ringo.eco\/content\/uploads\/2022\/03\/Kaarel-1024x1536.jpg 1024w, https:\/\/ringo.eco\/content\/uploads\/2022\/03\/Kaarel-1365x2048.jpg 1365w, https:\/\/ringo.eco\/content\/uploads\/2022\/03\/Kaarel-scaled.jpg 1707w\" sizes=\"(max-width: 200px) 100vw, 200px\" \/>\t<\/figure>\n\n\t<h2 class=\"team-member-block__name\">Kaarel &#8211; Sales +372 501 5326 <\/h2>\n<\/div>\n<\/div>\n\n\n\n<div class=\"wp-container-6 wp-block-column\"><div class=\"team-member-block\">\n\t<figure>\n\t\t<img width=\"200\" height=\"300\" src=\"https:\/\/ringo.eco\/content\/uploads\/2025\/05\/8O1A0245-200x300.jpg\" class=\"attachment-medium size-medium\" alt=\"\" loading=\"lazy\" srcset=\"https:\/\/ringo.eco\/content\/uploads\/2025\/05\/8O1A0245-200x300.jpg 200w, https:\/\/ringo.eco\/content\/uploads\/2025\/05\/8O1A0245-683x1024.jpg 683w, https:\/\/ringo.eco\/content\/uploads\/2025\/05\/8O1A0245-768x1152.jpg 768w, https:\/\/ringo.eco\/content\/uploads\/2025\/05\/8O1A0245-1024x1536.jpg 1024w, https:\/\/ringo.eco\/content\/uploads\/2025\/05\/8O1A0245-1365x2048.jpg 1365w, https:\/\/ringo.eco\/content\/uploads\/2025\/05\/8O1A0245-scaled.jpg 1707w\" sizes=\"(max-width: 200px) 100vw, 200px\" \/>\t<\/figure>\n\n\t<h2 class=\"team-member-block__name\">Gerttu &#8211; Marketing +372 5666 4740 <\/h2>\n<\/div>\n<\/div>\n<\/div>\n<\/div>\n<\/div>\n<\/div>\n<\/div>\n<\/div>\n<\/div>\n<\/div>\n<\/div>\n<\/div>\n<\/div>\n<\/div>\n\n\n\n<div class=\"wp-container-27 wp-block-group\">\n<div class=\"wp-container-22 wp-block-columns\">\n<div class=\"wp-container-19 wp-block-column\"><div class=\"team-member-block\">\n\t<figure>\n\t\t\t<\/figure>\n\n\t<h2 class=\"team-member-block__name\">K\u00e4rt \u2013 Event Project Manager +372 5450 2920<\/h2>\n<\/div>\n<\/div>\n\n\n\n<div class=\"wp-container-20 wp-block-column\"><div class=\"team-member-block\">\n\t<figure>\n\t\t<img width=\"225\" height=\"300\" src=\"https:\/\/ringo.eco\/content\/uploads\/2025\/04\/thumbnail_image_123650291-225x300.jpg\" class=\"attachment-medium size-medium\" alt=\"\" loading=\"lazy\" srcset=\"https:\/\/ringo.eco\/content\/uploads\/2025\/04\/thumbnail_image_123650291-225x300.jpg 225w, https:\/\/ringo.eco\/content\/uploads\/2025\/04\/thumbnail_image_123650291-768x1024.jpg 768w, https:\/\/ringo.eco\/content\/uploads\/2025\/04\/thumbnail_image_123650291-1152x1536.jpg 1152w, https:\/\/ringo.eco\/content\/uploads\/2025\/04\/thumbnail_image_123650291-1536x2048.jpg 1536w, https:\/\/ringo.eco\/content\/uploads\/2025\/04\/thumbnail_image_123650291.jpg 1920w\" sizes=\"(max-width: 225px) 100vw, 225px\" \/>\t<\/figure>\n\n\t<h2 class=\"team-member-block__name\">Regina \u2013 Sales Assistant +372 5353 1962<\/h2>\n<\/div>\n<\/div>\n\n\n\n<div class=\"wp-container-21 wp-block-column\"><\/div>\n<\/div>\n\n\n\n<div class=\"wp-container-26 wp-block-columns\">\n<div class=\"wp-container-23 wp-block-column\"><\/div>\n\n\n\n<div class=\"wp-container-24 wp-block-column\"><\/div>\n\n\n\n<div class=\"wp-container-25 wp-block-column\"><\/div>\n<\/div>\n<\/div>\n\n\n\n<div style=\"height:96px\" aria-hidden=\"true\" class=\"wp-block-spacer\"><\/div>\n\n\n\n<p class=\"has-text-align-center\"><\/p>\n\n\n\n<div class=\"wp-container-29 wp-block-columns\">\n<div class=\"wp-container-28 wp-block-column\">\n<div style=\"height:50px\" aria-hidden=\"true\" class=\"wp-block-spacer\"><\/div>\n<\/div>\n<\/div>\n\n\n\n<p><a style=\"color: white;\" href=\"https:\/\/ringo.eco\/assets\/apk\/ringo_business.apk\" rel=\"nofollow\">https:\/\/ringo.eco\/assets\/apk\/ringo_business.apk<\/a><\/p>\n","protected":false},"excerpt":{"rendered":"<p>Company name: Ringo Eco O\u00dc Register code: 16092837 VAT number: EE102306013 Address: Betooni 7, 13816&nbsp;Tallinn Telephone number: +372 5885 7268 Sales and inquiry&#8217;s: sales@ringo.eco Info: info@ringo.eco Accounting: accounting@ringo.eco https:\/\/ringo.eco\/assets\/apk\/ringo_business.apk<\/p>\n","protected":false},"author":2,"featured_media":0,"parent":0,"menu_order":0,"comment_status":"closed","ping_status":"closed","template":"","meta":{"inline_featured_image":false},"acf":[],"yoast_head":"<title>Contact - Ringo<\/title>\n<meta name=\"description\" content=\"Meie eesm\u00e4rk on v\u00e4hendada \u00fchekordsete pakendite pr\u00fcgi. Ringo Eco arendab skaleeritavat, avatud ja neutraalset korduspakendite platvormi. Oma pakendeid v\u00f5ivad Ringo platvormile tuua toidutootjad, restoranid ja kaupmehed. Ringo Eco tagab korje, pesu ja pakendite haldamise. L\u00f5pp-tarbijatele pakub Ringo Eco korduspakendite korje ja \u00e4raveo teenuseid. Tagastuskaste v\u00f5ivad tellida kontorihooned, toidukohad, \u00fchistud, eramajad jt.\" \/>\n<meta name=\"robots\" content=\"index, follow, max-snippet:-1, max-image-preview:large, max-video-preview:-1\" \/>\n<link rel=\"canonical\" href=\"https:\/\/ringo.eco\/en\/contact\/\" \/>\n<meta property=\"og:locale\" content=\"en_US\" \/>\n<meta property=\"og:type\" content=\"article\" \/>\n<meta property=\"og:title\" content=\"Contact - Ringo\" \/>\n<meta property=\"og:description\" content=\"Meie eesm\u00e4rk on v\u00e4hendada \u00fchekordsete pakendite pr\u00fcgi. Ringo Eco arendab skaleeritavat, avatud ja neutraalset korduspakendite platvormi. Oma pakendeid v\u00f5ivad Ringo platvormile tuua toidutootjad, restoranid ja kaupmehed. Ringo Eco tagab korje, pesu ja pakendite haldamise. L\u00f5pp-tarbijatele pakub Ringo Eco korduspakendite korje ja \u00e4raveo teenuseid. Tagastuskaste v\u00f5ivad tellida kontorihooned, toidukohad, \u00fchistud, eramajad jt.\" \/>\n<meta property=\"og:url\" content=\"https:\/\/ringo.eco\/en\/contact\/\" \/>\n<meta property=\"og:site_name\" content=\"Ringo\" \/>\n<meta property=\"article:publisher\" content=\"https:\/\/www.facebook.com\/ringo.eesti\" \/>\n<meta property=\"article:modified_time\" content=\"2025-05-20T08:13:25+00:00\" \/>\n<meta property=\"og:image\" content=\"https:\/\/ringo.eco\/content\/uploads\/2022\/03\/Jaatmevaba-uritus.jpg\" \/>\n\t<meta property=\"og:image:width\" content=\"900\" \/>\n\t<meta property=\"og:image:height\" content=\"400\" \/>\n\t<meta property=\"og:image:type\" content=\"image\/jpeg\" \/>\n<meta name=\"twitter:card\" content=\"summary_large_image\" \/>\n<meta name=\"twitter:label1\" content=\"Est. reading time\" \/>\n\t<meta name=\"twitter:data1\" content=\"1 minute\" \/>\n<script type=\"application\/ld+json\" class=\"yoast-schema-graph\">{\"@context\":\"https:\/\/schema.org\",\"@graph\":[{\"@type\":\"Organization\",\"@id\":\"https:\/\/ringo.eco\/#organization\",\"name\":\"Ringo Eco\",\"url\":\"https:\/\/ringo.eco\/\",\"sameAs\":[\"https:\/\/www.facebook.com\/ringo.eesti\",\"https:\/\/www.instagram.com\/ringo.eesti\/\",\"https:\/\/www.linkedin.com\/company\/ringo-eco\/\",\"https:\/\/www.youtube.com\/channel\/UCr7xYm01CfRlsL-v9zU3hxw\"],\"logo\":{\"@type\":\"ImageObject\",\"@id\":\"https:\/\/ringo.eco\/#logo\",\"inLanguage\":\"en-US\",\"url\":\"https:\/\/ringo.eco\/content\/uploads\/2022\/02\/ringo-logo.svg\",\"contentUrl\":\"https:\/\/ringo.eco\/content\/uploads\/2022\/02\/ringo-logo.svg\",\"width\":487,\"height\":212,\"caption\":\"Ringo Eco\"},\"image\":{\"@id\":\"https:\/\/ringo.eco\/#logo\"}},{\"@type\":\"WebSite\",\"@id\":\"https:\/\/ringo.eco\/#website\",\"url\":\"https:\/\/ringo.eco\/\",\"name\":\"Ringo\",\"description\":\"Keeping our nature clean\",\"publisher\":{\"@id\":\"https:\/\/ringo.eco\/#organization\"},\"potentialAction\":[{\"@type\":\"SearchAction\",\"target\":{\"@type\":\"EntryPoint\",\"urlTemplate\":\"https:\/\/ringo.eco\/?s={search_term_string}\"},\"query-input\":\"required name=search_term_string\"}],\"inLanguage\":\"en-US\"},{\"@type\":\"WebPage\",\"@id\":\"https:\/\/ringo.eco\/en\/contact\/#webpage\",\"url\":\"https:\/\/ringo.eco\/en\/contact\/\",\"name\":\"Contact - Ringo\",\"isPartOf\":{\"@id\":\"https:\/\/ringo.eco\/#website\"},\"datePublished\":\"2022-03-14T17:19:04+00:00\",\"dateModified\":\"2025-05-20T08:13:25+00:00\",\"description\":\"Meie eesm\u00e4rk on v\u00e4hendada \u00fchekordsete pakendite pr\u00fcgi. Ringo Eco arendab skaleeritavat, avatud ja neutraalset korduspakendite platvormi. Oma pakendeid v\u00f5ivad Ringo platvormile tuua toidutootjad, restoranid ja kaupmehed. Ringo Eco tagab korje, pesu ja pakendite haldamise. L\u00f5pp-tarbijatele pakub Ringo Eco korduspakendite korje ja \u00e4raveo teenuseid. Tagastuskaste v\u00f5ivad tellida kontorihooned, toidukohad, \u00fchistud, eramajad jt.\",\"breadcrumb\":{\"@id\":\"https:\/\/ringo.eco\/en\/contact\/#breadcrumb\"},\"inLanguage\":\"en-US\",\"potentialAction\":[{\"@type\":\"ReadAction\",\"target\":[\"https:\/\/ringo.eco\/en\/contact\/\"]}]},{\"@type\":\"BreadcrumbList\",\"@id\":\"https:\/\/ringo.eco\/en\/contact\/#breadcrumb\",\"itemListElement\":[{\"@type\":\"ListItem\",\"position\":1,\"name\":\"Home\",\"item\":\"https:\/\/ringo.eco\/en\/\"},{\"@type\":\"ListItem\",\"position\":2,\"name\":\"Contact\"}]}]}<\/script>","yoast_head_json":{"title":"Contact - Ringo","description":"Meie eesm\u00e4rk on v\u00e4hendada \u00fchekordsete pakendite pr\u00fcgi. Ringo Eco arendab skaleeritavat, avatud ja neutraalset korduspakendite platvormi. Oma pakendeid v\u00f5ivad Ringo platvormile tuua toidutootjad, restoranid ja kaupmehed. Ringo Eco tagab korje, pesu ja pakendite haldamise. L\u00f5pp-tarbijatele pakub Ringo Eco korduspakendite korje ja \u00e4raveo teenuseid. Tagastuskaste v\u00f5ivad tellida kontorihooned, toidukohad, \u00fchistud, eramajad jt.","robots":{"index":"index","follow":"follow","max-snippet":"max-snippet:-1","max-image-preview":"max-image-preview:large","max-video-preview":"max-video-preview:-1"},"canonical":"https:\/\/ringo.eco\/en\/contact\/","og_locale":"en_US","og_type":"article","og_title":"Contact - Ringo","og_description":"Meie eesm\u00e4rk on v\u00e4hendada \u00fchekordsete pakendite pr\u00fcgi. Ringo Eco arendab skaleeritavat, avatud ja neutraalset korduspakendite platvormi. Oma pakendeid v\u00f5ivad Ringo platvormile tuua toidutootjad, restoranid ja kaupmehed. Ringo Eco tagab korje, pesu ja pakendite haldamise. L\u00f5pp-tarbijatele pakub Ringo Eco korduspakendite korje ja \u00e4raveo teenuseid. Tagastuskaste v\u00f5ivad tellida kontorihooned, toidukohad, \u00fchistud, eramajad jt.","og_url":"https:\/\/ringo.eco\/en\/contact\/","og_site_name":"Ringo","article_publisher":"https:\/\/www.facebook.com\/ringo.eesti","article_modified_time":"2025-05-20T08:13:25+00:00","og_image":[{"width":900,"height":400,"url":"https:\/\/ringo.eco\/content\/uploads\/2022\/03\/Jaatmevaba-uritus.jpg","type":"image\/jpeg"}],"twitter_card":"summary_large_image","twitter_misc":{"Est. reading time":"1 minute"},"schema":{"@context":"https:\/\/schema.org","@graph":[{"@type":"Organization","@id":"https:\/\/ringo.eco\/#organization","name":"Ringo Eco","url":"https:\/\/ringo.eco\/","sameAs":["https:\/\/www.facebook.com\/ringo.eesti","https:\/\/www.instagram.com\/ringo.eesti\/","https:\/\/www.linkedin.com\/company\/ringo-eco\/","https:\/\/www.youtube.com\/channel\/UCr7xYm01CfRlsL-v9zU3hxw"],"logo":{"@type":"ImageObject","@id":"https:\/\/ringo.eco\/#logo","inLanguage":"en-US","url":"https:\/\/ringo.eco\/content\/uploads\/2022\/02\/ringo-logo.svg","contentUrl":"https:\/\/ringo.eco\/content\/uploads\/2022\/02\/ringo-logo.svg","width":487,"height":212,"caption":"Ringo Eco"},"image":{"@id":"https:\/\/ringo.eco\/#logo"}},{"@type":"WebSite","@id":"https:\/\/ringo.eco\/#website","url":"https:\/\/ringo.eco\/","name":"Ringo","description":"Keeping our nature clean","publisher":{"@id":"https:\/\/ringo.eco\/#organization"},"potentialAction":[{"@type":"SearchAction","target":{"@type":"EntryPoint","urlTemplate":"https:\/\/ringo.eco\/?s={search_term_string}"},"query-input":"required name=search_term_string"}],"inLanguage":"en-US"},{"@type":"WebPage","@id":"https:\/\/ringo.eco\/en\/contact\/#webpage","url":"https:\/\/ringo.eco\/en\/contact\/","name":"Contact - Ringo","isPartOf":{"@id":"https:\/\/ringo.eco\/#website"},"datePublished":"2022-03-14T17:19:04+00:00","dateModified":"2025-05-20T08:13:25+00:00","description":"Meie eesm\u00e4rk on v\u00e4hendada \u00fchekordsete pakendite pr\u00fcgi. Ringo Eco arendab skaleeritavat, avatud ja neutraalset korduspakendite platvormi. Oma pakendeid v\u00f5ivad Ringo platvormile tuua toidutootjad, restoranid ja kaupmehed. Ringo Eco tagab korje, pesu ja pakendite haldamise. L\u00f5pp-tarbijatele pakub Ringo Eco korduspakendite korje ja \u00e4raveo teenuseid. Tagastuskaste v\u00f5ivad tellida kontorihooned, toidukohad, \u00fchistud, eramajad jt.","breadcrumb":{"@id":"https:\/\/ringo.eco\/en\/contact\/#breadcrumb"},"inLanguage":"en-US","potentialAction":[{"@type":"ReadAction","target":["https:\/\/ringo.eco\/en\/contact\/"]}]},{"@type":"BreadcrumbList","@id":"https:\/\/ringo.eco\/en\/contact\/#breadcrumb","itemListElement":[{"@type":"ListItem","position":1,"name":"Home","item":"https:\/\/ringo.eco\/en\/"},{"@type":"ListItem","position":2,"name":"Contact"}]}]}},"_links":{"self":[{"href":"https:\/\/ringo.eco\/en\/wp-json\/wp\/v2\/pages\/751"}],"collection":[{"href":"https:\/\/ringo.eco\/en\/wp-json\/wp\/v2\/pages"}],"about":[{"href":"https:\/\/ringo.eco\/en\/wp-json\/wp\/v2\/types\/page"}],"author":[{"embeddable":true,"href":"https:\/\/ringo.eco\/en\/wp-json\/wp\/v2\/users\/2"}],"replies":[{"embeddable":true,"href":"https:\/\/ringo.eco\/en\/wp-json\/wp\/v2\/comments?post=751"}],"version-history":[{"count":53,"href":"https:\/\/ringo.eco\/en\/wp-json\/wp\/v2\/pages\/751\/revisions"}],"predecessor-version":[{"id":3156,"href":"https:\/\/ringo.eco\/en\/wp-json\/wp\/v2\/pages\/751\/revisions\/3156"}],"wp:attachment":[{"href":"https:\/\/ringo.eco\/en\/wp-json\/wp\/v2\/media?parent=751"}],"curies":[{"name":"wp","href":"https:\/\/api.w.org\/{rel}","templated":true}]}}