{"id":550,"date":"2022-02-22T17:01:29","date_gmt":"2022-02-22T15:01:29","guid":{"rendered":"https:\/\/ringo.eco\/?page_id=550"},"modified":"2023-10-10T11:30:24","modified_gmt":"2023-10-10T08:30:24","slug":"terms-of-service","status":"publish","type":"page","link":"https:\/\/ringo.eco\/en\/terms-of-service\/","title":{"rendered":"Terms of usage for consumer"},"content":{"rendered":"\n<div class=\"wp-container-1 wp-block-group\">\n<p><strong>DEFINITIONS<\/strong><\/p>\n\n\n\n<p><strong>Ringo<\/strong>&nbsp;\u2013 Ringo Eco O\u00dc, providing circulation service of reusable packages to consumers and points of sales.<\/p>\n\n\n\n<p><strong>Package<\/strong>&nbsp;\u2013 <a href=\"https:\/\/orders.ringo.eco\/?lang=eng\" target=\"_blank\" rel=\"noreferrer noopener\">Ringo\u2019s reusable food or drink package<\/a> given for usage to consumers by points of sale.<\/p>\n\n\n\n<p><strong>Consumer<\/strong>&nbsp;\u2013 Client who has purchased food or drinks inside Package from points of sale.<\/p>\n\n\n\n<p><strong>Point of sale (POS)<\/strong>&nbsp;\u2013 <a href=\"https:\/\/ringo.eco\/en\/food-providers\/\" target=\"_blank\" rel=\"noreferrer noopener\">Company <\/a>who is selling food or drink inside Package to Consumers.<\/p>\n\n\n\n<p><strong>Return box<\/strong>&nbsp;\u2013 A box where Consumers can return Packages after use. Locations of the Boxes can be found on <a href=\"https:\/\/ringo.eco\/en\/#tagastuspunktid\" target=\"_blank\" rel=\"noreferrer noopener\">Ringo&#8217;s website<\/a>.<\/p>\n\n\n\n<p><strong>Deposit<\/strong>&nbsp;\u2013 Money paid by POS to Ringo for each Package.<\/p>\n\n\n\n<p><strong>DEPOSIT AND IT\u2019s RETURN<\/strong><\/p>\n\n\n\n<p>Before returning the Package to Return Box the Consumer must scan QR code located on the Package and insert own data into <a href=\"https:\/\/qr.ringo.eco\/qrcode\/user\/dashboard\" target=\"_blank\" rel=\"noreferrer noopener\">Ringo\u2019s website<\/a> to identify yourself.<\/p>\n\n\n\n<p>Ringo pays the Deposit back to Consumer after the Package arrives at Ringo\u2019s washing centre. Ringo waits for the Packages to reach the Ringo\u2019s washing centre before paying the Deposit. This can take approximately 14 days.<\/p>\n\n\n\n<p>In case the Consumer returns the Package to Return Box within 30 calendar days, Ringo will return the Deposit to the Consumer in full amount.<\/p>\n\n\n\n<p>If the Consumer returns the Package to the Return Box later than 30 days, Ringo will return to Consumer 50% of the Deposit.<\/p>\n\n\n\n<p>Consumer can be declined Deposit pay-out or Ringo\u2019s service if Package is scanned in bad faith in case the Deposit does not rightfully belong to the scanning Consumer.<\/p>\n\n\n\n<p><strong>PACKAGES TERMS OF USAGE<\/strong><\/p>\n\n\n\n<p>Consumer has a right to use each Package once for consuming food or drink. Consumer is not allowed to buy food or drink into used Package second time.<\/p>\n\n\n\n<p>To secure Package and food hygiene and sustainability of circulation service the Consumer must return Package to Return Box after each use not later than during 30 calendar days.<\/p>\n\n\n\n<p><strong>OWNERSHIP OF PACKAGES<\/strong><\/p>\n\n\n\n<p>Ownership of Packages is and remains Ringo\u2019s. Acquisition of Packages, including acquisition in good faith, by the Consumer is not possible.<\/p>\n\n\n\n<p>The Consumer has no right to sell the Packages nor encumber with rights of third parties.<\/p>\n\n\n\n<p>Deposit payment by the Consumer does not lead to change of ownership of the Package to the Consumer. In case of finding lost Package, the Packages are subject to returning to Ringo\u2019s Return Box and Ringo will return the Deposit of found Package to the Consumer according to current terms of usage.<\/p>\n<\/div>\n","protected":false},"excerpt":{"rendered":"<p>DEFINITIONS Ringo&nbsp;\u2013 Ringo Eco O\u00dc, providing circulation service of reusable packages to consumers and points of sales. Package&nbsp;\u2013 Ringo\u2019s reusable food or drink package given for usage to consumers by points of sale. Consumer&nbsp;\u2013 Client who has purchased food or drinks inside Package from points of sale. Point of sale (POS)&nbsp;\u2013 Company who is selling [&hellip;]<\/p>\n","protected":false},"author":1,"featured_media":0,"parent":0,"menu_order":0,"comment_status":"closed","ping_status":"closed","template":"","meta":{"inline_featured_image":false},"acf":[],"yoast_head":"<title>Terms of usage for consumer - Ringo<\/title>\n<meta name=\"description\" content=\"Meie eesm\u00e4rk on v\u00e4hendada \u00fchekordsete pakendite pr\u00fcgi. Ringo Eco arendab skaleeritavat, avatud ja neutraalset korduspakendite platvormi. Oma pakendeid v\u00f5ivad Ringo platvormile tuua toidutootjad, restoranid ja kaupmehed. Ringo Eco tagab korje, pesu ja pakendite haldamise. L\u00f5pp-tarbijatele pakub Ringo Eco korduspakendite korje ja \u00e4raveo teenuseid. Tagastuskaste v\u00f5ivad tellida kontorihooned, toidukohad, \u00fchistud, eramajad jt.\" \/>\n<meta name=\"robots\" content=\"index, follow, max-snippet:-1, max-image-preview:large, max-video-preview:-1\" \/>\n<link rel=\"canonical\" href=\"https:\/\/ringo.eco\/en\/terms-of-service\/\" \/>\n<meta property=\"og:locale\" content=\"en_US\" \/>\n<meta property=\"og:type\" content=\"article\" \/>\n<meta property=\"og:title\" content=\"Terms of usage for consumer - Ringo\" \/>\n<meta property=\"og:description\" content=\"Meie eesm\u00e4rk on v\u00e4hendada \u00fchekordsete pakendite pr\u00fcgi. Ringo Eco arendab skaleeritavat, avatud ja neutraalset korduspakendite platvormi. Oma pakendeid v\u00f5ivad Ringo platvormile tuua toidutootjad, restoranid ja kaupmehed. Ringo Eco tagab korje, pesu ja pakendite haldamise. L\u00f5pp-tarbijatele pakub Ringo Eco korduspakendite korje ja \u00e4raveo teenuseid. Tagastuskaste v\u00f5ivad tellida kontorihooned, toidukohad, \u00fchistud, eramajad jt.\" \/>\n<meta property=\"og:url\" content=\"https:\/\/ringo.eco\/en\/terms-of-service\/\" \/>\n<meta property=\"og:site_name\" content=\"Ringo\" \/>\n<meta property=\"article:publisher\" content=\"https:\/\/www.facebook.com\/ringo.eesti\" \/>\n<meta property=\"article:modified_time\" content=\"2023-10-10T08:30:24+00:00\" \/>\n<meta property=\"og:image\" content=\"https:\/\/ringo.eco\/content\/uploads\/2022\/03\/Jaatmevaba-uritus.jpg\" \/>\n\t<meta property=\"og:image:width\" content=\"900\" \/>\n\t<meta property=\"og:image:height\" content=\"400\" \/>\n\t<meta property=\"og:image:type\" content=\"image\/jpeg\" \/>\n<meta name=\"twitter:card\" content=\"summary_large_image\" \/>\n<meta name=\"twitter:label1\" content=\"Est. reading time\" \/>\n\t<meta name=\"twitter:data1\" content=\"3 minutes\" \/>\n<script type=\"application\/ld+json\" class=\"yoast-schema-graph\">{\"@context\":\"https:\/\/schema.org\",\"@graph\":[{\"@type\":\"Organization\",\"@id\":\"https:\/\/ringo.eco\/#organization\",\"name\":\"Ringo Eco\",\"url\":\"https:\/\/ringo.eco\/\",\"sameAs\":[\"https:\/\/www.facebook.com\/ringo.eesti\",\"https:\/\/www.instagram.com\/ringo.eesti\/\",\"https:\/\/www.linkedin.com\/company\/ringo-eco\/\",\"https:\/\/www.youtube.com\/channel\/UCr7xYm01CfRlsL-v9zU3hxw\"],\"logo\":{\"@type\":\"ImageObject\",\"@id\":\"https:\/\/ringo.eco\/#logo\",\"inLanguage\":\"en-US\",\"url\":\"https:\/\/ringo.eco\/content\/uploads\/2022\/02\/ringo-logo.svg\",\"contentUrl\":\"https:\/\/ringo.eco\/content\/uploads\/2022\/02\/ringo-logo.svg\",\"width\":487,\"height\":212,\"caption\":\"Ringo Eco\"},\"image\":{\"@id\":\"https:\/\/ringo.eco\/#logo\"}},{\"@type\":\"WebSite\",\"@id\":\"https:\/\/ringo.eco\/#website\",\"url\":\"https:\/\/ringo.eco\/\",\"name\":\"Ringo\",\"description\":\"Keeping our nature clean\",\"publisher\":{\"@id\":\"https:\/\/ringo.eco\/#organization\"},\"potentialAction\":[{\"@type\":\"SearchAction\",\"target\":{\"@type\":\"EntryPoint\",\"urlTemplate\":\"https:\/\/ringo.eco\/?s={search_term_string}\"},\"query-input\":\"required name=search_term_string\"}],\"inLanguage\":\"en-US\"},{\"@type\":\"WebPage\",\"@id\":\"https:\/\/ringo.eco\/en\/terms-of-service\/#webpage\",\"url\":\"https:\/\/ringo.eco\/en\/terms-of-service\/\",\"name\":\"Terms of usage for consumer - Ringo\",\"isPartOf\":{\"@id\":\"https:\/\/ringo.eco\/#website\"},\"datePublished\":\"2022-02-22T15:01:29+00:00\",\"dateModified\":\"2023-10-10T08:30:24+00:00\",\"description\":\"Meie eesm\u00e4rk on v\u00e4hendada \u00fchekordsete pakendite pr\u00fcgi. Ringo Eco arendab skaleeritavat, avatud ja neutraalset korduspakendite platvormi. Oma pakendeid v\u00f5ivad Ringo platvormile tuua toidutootjad, restoranid ja kaupmehed. Ringo Eco tagab korje, pesu ja pakendite haldamise. L\u00f5pp-tarbijatele pakub Ringo Eco korduspakendite korje ja \u00e4raveo teenuseid. Tagastuskaste v\u00f5ivad tellida kontorihooned, toidukohad, \u00fchistud, eramajad jt.\",\"breadcrumb\":{\"@id\":\"https:\/\/ringo.eco\/en\/terms-of-service\/#breadcrumb\"},\"inLanguage\":\"en-US\",\"potentialAction\":[{\"@type\":\"ReadAction\",\"target\":[\"https:\/\/ringo.eco\/en\/terms-of-service\/\"]}]},{\"@type\":\"BreadcrumbList\",\"@id\":\"https:\/\/ringo.eco\/en\/terms-of-service\/#breadcrumb\",\"itemListElement\":[{\"@type\":\"ListItem\",\"position\":1,\"name\":\"Home\",\"item\":\"https:\/\/ringo.eco\/en\/\"},{\"@type\":\"ListItem\",\"position\":2,\"name\":\"Terms of usage for consumer\"}]}]}<\/script>","yoast_head_json":{"title":"Terms of usage for consumer - Ringo","description":"Meie eesm\u00e4rk on v\u00e4hendada \u00fchekordsete pakendite pr\u00fcgi. Ringo Eco arendab skaleeritavat, avatud ja neutraalset korduspakendite platvormi. Oma pakendeid v\u00f5ivad Ringo platvormile tuua toidutootjad, restoranid ja kaupmehed. Ringo Eco tagab korje, pesu ja pakendite haldamise. L\u00f5pp-tarbijatele pakub Ringo Eco korduspakendite korje ja \u00e4raveo teenuseid. Tagastuskaste v\u00f5ivad tellida kontorihooned, toidukohad, \u00fchistud, eramajad jt.","robots":{"index":"index","follow":"follow","max-snippet":"max-snippet:-1","max-image-preview":"max-image-preview:large","max-video-preview":"max-video-preview:-1"},"canonical":"https:\/\/ringo.eco\/en\/terms-of-service\/","og_locale":"en_US","og_type":"article","og_title":"Terms of usage for consumer - Ringo","og_description":"Meie eesm\u00e4rk on v\u00e4hendada \u00fchekordsete pakendite pr\u00fcgi. Ringo Eco arendab skaleeritavat, avatud ja neutraalset korduspakendite platvormi. Oma pakendeid v\u00f5ivad Ringo platvormile tuua toidutootjad, restoranid ja kaupmehed. Ringo Eco tagab korje, pesu ja pakendite haldamise. L\u00f5pp-tarbijatele pakub Ringo Eco korduspakendite korje ja \u00e4raveo teenuseid. Tagastuskaste v\u00f5ivad tellida kontorihooned, toidukohad, \u00fchistud, eramajad jt.","og_url":"https:\/\/ringo.eco\/en\/terms-of-service\/","og_site_name":"Ringo","article_publisher":"https:\/\/www.facebook.com\/ringo.eesti","article_modified_time":"2023-10-10T08:30:24+00:00","og_image":[{"width":900,"height":400,"url":"https:\/\/ringo.eco\/content\/uploads\/2022\/03\/Jaatmevaba-uritus.jpg","type":"image\/jpeg"}],"twitter_card":"summary_large_image","twitter_misc":{"Est. reading time":"3 minutes"},"schema":{"@context":"https:\/\/schema.org","@graph":[{"@type":"Organization","@id":"https:\/\/ringo.eco\/#organization","name":"Ringo Eco","url":"https:\/\/ringo.eco\/","sameAs":["https:\/\/www.facebook.com\/ringo.eesti","https:\/\/www.instagram.com\/ringo.eesti\/","https:\/\/www.linkedin.com\/company\/ringo-eco\/","https:\/\/www.youtube.com\/channel\/UCr7xYm01CfRlsL-v9zU3hxw"],"logo":{"@type":"ImageObject","@id":"https:\/\/ringo.eco\/#logo","inLanguage":"en-US","url":"https:\/\/ringo.eco\/content\/uploads\/2022\/02\/ringo-logo.svg","contentUrl":"https:\/\/ringo.eco\/content\/uploads\/2022\/02\/ringo-logo.svg","width":487,"height":212,"caption":"Ringo Eco"},"image":{"@id":"https:\/\/ringo.eco\/#logo"}},{"@type":"WebSite","@id":"https:\/\/ringo.eco\/#website","url":"https:\/\/ringo.eco\/","name":"Ringo","description":"Keeping our nature clean","publisher":{"@id":"https:\/\/ringo.eco\/#organization"},"potentialAction":[{"@type":"SearchAction","target":{"@type":"EntryPoint","urlTemplate":"https:\/\/ringo.eco\/?s={search_term_string}"},"query-input":"required name=search_term_string"}],"inLanguage":"en-US"},{"@type":"WebPage","@id":"https:\/\/ringo.eco\/en\/terms-of-service\/#webpage","url":"https:\/\/ringo.eco\/en\/terms-of-service\/","name":"Terms of usage for consumer - Ringo","isPartOf":{"@id":"https:\/\/ringo.eco\/#website"},"datePublished":"2022-02-22T15:01:29+00:00","dateModified":"2023-10-10T08:30:24+00:00","description":"Meie eesm\u00e4rk on v\u00e4hendada \u00fchekordsete pakendite pr\u00fcgi. Ringo Eco arendab skaleeritavat, avatud ja neutraalset korduspakendite platvormi. Oma pakendeid v\u00f5ivad Ringo platvormile tuua toidutootjad, restoranid ja kaupmehed. Ringo Eco tagab korje, pesu ja pakendite haldamise. L\u00f5pp-tarbijatele pakub Ringo Eco korduspakendite korje ja \u00e4raveo teenuseid. Tagastuskaste v\u00f5ivad tellida kontorihooned, toidukohad, \u00fchistud, eramajad jt.","breadcrumb":{"@id":"https:\/\/ringo.eco\/en\/terms-of-service\/#breadcrumb"},"inLanguage":"en-US","potentialAction":[{"@type":"ReadAction","target":["https:\/\/ringo.eco\/en\/terms-of-service\/"]}]},{"@type":"BreadcrumbList","@id":"https:\/\/ringo.eco\/en\/terms-of-service\/#breadcrumb","itemListElement":[{"@type":"ListItem","position":1,"name":"Home","item":"https:\/\/ringo.eco\/en\/"},{"@type":"ListItem","position":2,"name":"Terms of usage for consumer"}]}]}},"_links":{"self":[{"href":"https:\/\/ringo.eco\/en\/wp-json\/wp\/v2\/pages\/550"}],"collection":[{"href":"https:\/\/ringo.eco\/en\/wp-json\/wp\/v2\/pages"}],"about":[{"href":"https:\/\/ringo.eco\/en\/wp-json\/wp\/v2\/types\/page"}],"author":[{"embeddable":true,"href":"https:\/\/ringo.eco\/en\/wp-json\/wp\/v2\/users\/1"}],"replies":[{"embeddable":true,"href":"https:\/\/ringo.eco\/en\/wp-json\/wp\/v2\/comments?post=550"}],"version-history":[{"count":13,"href":"https:\/\/ringo.eco\/en\/wp-json\/wp\/v2\/pages\/550\/revisions"}],"predecessor-version":[{"id":2627,"href":"https:\/\/ringo.eco\/en\/wp-json\/wp\/v2\/pages\/550\/revisions\/2627"}],"wp:attachment":[{"href":"https:\/\/ringo.eco\/en\/wp-json\/wp\/v2\/media?parent=550"}],"curies":[{"name":"wp","href":"https:\/\/api.w.org\/{rel}","templated":true}]}}