{"id":225,"date":"2022-02-14T08:49:42","date_gmt":"2022-02-14T06:49:42","guid":{"rendered":"https:\/\/ringo.eco\/for-customer\/"},"modified":"2022-02-20T12:33:12","modified_gmt":"2022-02-20T10:33:12","slug":"for-customer","status":"publish","type":"page","link":"https:\/\/ringo.eco\/en\/for-customer\/","title":{"rendered":"For Customer"},"content":{"rendered":"\n<div class=\"wp-container-11 wp-block-query\"><ul class=\"wp-container-10 is-flex-container columns-3 wp-block-post-template\"><li class=\"wp-block-post post-519 post type-post status-publish format-standard has-post-thumbnail hentry category-for-customer\">\n<figure class=\"wp-container-1 alignwide wp-block-post-featured-image\"><a href=\"https:\/\/ringo.eco\/en\/for-customer\/pakendi-taisring\/\"><img width=\"900\" height=\"400\" src=\"https:\/\/ringo.eco\/content\/uploads\/2022\/02\/Pakendi-taisring.jpg\" class=\"attachment-post-thumbnail size-post-thumbnail wp-post-image\" alt=\"Pakendi t\u00e4isring\" loading=\"lazy\" srcset=\"https:\/\/ringo.eco\/content\/uploads\/2022\/02\/Pakendi-taisring.jpg 900w, https:\/\/ringo.eco\/content\/uploads\/2022\/02\/Pakendi-taisring-300x133.jpg 300w, https:\/\/ringo.eco\/content\/uploads\/2022\/02\/Pakendi-taisring-768x341.jpg 768w\" sizes=\"(max-width: 900px) 100vw, 900px\" \/><\/a><\/figure>\n\n<h2 class=\"wp-block-post-title\"><a href=\"https:\/\/ringo.eco\/en\/for-customer\/pakendi-taisring\/\" target=\"_self\" rel=\"\">Pakendi t\u00e4isring<\/a><\/h2>\n<\/li><li class=\"wp-block-post post-521 post type-post status-publish format-standard has-post-thumbnail hentry category-for-customer\">\n<figure class=\"wp-container-2 alignwide wp-block-post-featured-image\"><a href=\"https:\/\/ringo.eco\/en\/for-customer\/pakendi-tagastamine\/\"><img width=\"900\" height=\"400\" src=\"https:\/\/ringo.eco\/content\/uploads\/2022\/02\/Pakendi-tagastamine.jpg\" class=\"attachment-post-thumbnail size-post-thumbnail wp-post-image\" alt=\"Pakendi tagastamine\" loading=\"lazy\" srcset=\"https:\/\/ringo.eco\/content\/uploads\/2022\/02\/Pakendi-tagastamine.jpg 900w, https:\/\/ringo.eco\/content\/uploads\/2022\/02\/Pakendi-tagastamine-300x133.jpg 300w, https:\/\/ringo.eco\/content\/uploads\/2022\/02\/Pakendi-tagastamine-768x341.jpg 768w\" sizes=\"(max-width: 900px) 100vw, 900px\" \/><\/a><\/figure>\n\n<h2 class=\"wp-block-post-title\"><a href=\"https:\/\/ringo.eco\/en\/for-customer\/pakendi-tagastamine\/\" target=\"_self\" rel=\"\">Pakendi tagastamine<\/a><\/h2>\n<\/li><li class=\"wp-block-post post-520 post type-post status-publish format-standard has-post-thumbnail hentry category-for-customer\">\n<figure class=\"wp-container-3 alignwide wp-block-post-featured-image\"><a href=\"https:\/\/ringo.eco\/en\/for-customer\/registreerumine\/\"><img width=\"900\" height=\"400\" src=\"https:\/\/ringo.eco\/content\/uploads\/2022\/02\/Registreerumine.jpg\" class=\"attachment-post-thumbnail size-post-thumbnail wp-post-image\" alt=\"Registreerumine\" loading=\"lazy\" srcset=\"https:\/\/ringo.eco\/content\/uploads\/2022\/02\/Registreerumine.jpg 900w, https:\/\/ringo.eco\/content\/uploads\/2022\/02\/Registreerumine-300x133.jpg 300w, https:\/\/ringo.eco\/content\/uploads\/2022\/02\/Registreerumine-768x341.jpg 768w\" sizes=\"(max-width: 900px) 100vw, 900px\" \/><\/a><\/figure>\n\n<h2 class=\"wp-block-post-title\"><a href=\"https:\/\/ringo.eco\/en\/for-customer\/registreerumine\/\" target=\"_self\" rel=\"\">Registreerumine<\/a><\/h2>\n<\/li><li class=\"wp-block-post post-518 post type-post status-publish format-standard has-post-thumbnail hentry category-for-customer\">\n<figure class=\"wp-container-4 alignwide wp-block-post-featured-image\"><a href=\"https:\/\/ringo.eco\/en\/for-customer\/qr-kood\/\"><img width=\"900\" height=\"400\" src=\"https:\/\/ringo.eco\/content\/uploads\/2022\/02\/QR-kood.jpg\" class=\"attachment-post-thumbnail size-post-thumbnail wp-post-image\" alt=\"QR-kood\" loading=\"lazy\" srcset=\"https:\/\/ringo.eco\/content\/uploads\/2022\/02\/QR-kood.jpg 900w, https:\/\/ringo.eco\/content\/uploads\/2022\/02\/QR-kood-300x133.jpg 300w, https:\/\/ringo.eco\/content\/uploads\/2022\/02\/QR-kood-768x341.jpg 768w\" sizes=\"(max-width: 900px) 100vw, 900px\" \/><\/a><\/figure>\n\n<h2 class=\"wp-block-post-title\"><a href=\"https:\/\/ringo.eco\/en\/for-customer\/qr-kood\/\" target=\"_self\" rel=\"\">QR-kood<\/a><\/h2>\n<\/li><li class=\"wp-block-post post-517 post type-post status-publish format-standard has-post-thumbnail hentry category-for-customer\">\n<figure class=\"wp-container-5 alignwide wp-block-post-featured-image\"><a href=\"https:\/\/ringo.eco\/en\/for-customer\/kodu-korteriuhistu\/\"><img width=\"900\" height=\"400\" src=\"https:\/\/ringo.eco\/content\/uploads\/2022\/02\/Kodu-Korteriuhistu.jpg\" class=\"attachment-post-thumbnail size-post-thumbnail wp-post-image\" alt=\"Kodu\/Korteri\u00fchistu\" loading=\"lazy\" srcset=\"https:\/\/ringo.eco\/content\/uploads\/2022\/02\/Kodu-Korteriuhistu.jpg 900w, https:\/\/ringo.eco\/content\/uploads\/2022\/02\/Kodu-Korteriuhistu-300x133.jpg 300w, https:\/\/ringo.eco\/content\/uploads\/2022\/02\/Kodu-Korteriuhistu-768x341.jpg 768w\" sizes=\"(max-width: 900px) 100vw, 900px\" \/><\/a><\/figure>\n\n<h2 class=\"wp-block-post-title\"><a href=\"https:\/\/ringo.eco\/en\/for-customer\/kodu-korteriuhistu\/\" target=\"_self\" rel=\"\">Kodu\/Korteri\u00fchistu<\/a><\/h2>\n<\/li><li class=\"wp-block-post post-516 post type-post status-publish format-standard has-post-thumbnail hentry category-for-customer\">\n<figure class=\"wp-container-6 alignwide wp-block-post-featured-image\"><a href=\"https:\/\/ringo.eco\/en\/for-customer\/jaatmevaba-uritus\/\"><img width=\"900\" height=\"400\" src=\"https:\/\/ringo.eco\/content\/uploads\/2022\/02\/Jaatmevaba-uritus.jpg\" class=\"attachment-post-thumbnail size-post-thumbnail wp-post-image\" alt=\"J\u00e4\u00e4tmevaba \u00fcritus\" loading=\"lazy\" srcset=\"https:\/\/ringo.eco\/content\/uploads\/2022\/02\/Jaatmevaba-uritus.jpg 900w, https:\/\/ringo.eco\/content\/uploads\/2022\/02\/Jaatmevaba-uritus-300x133.jpg 300w, https:\/\/ringo.eco\/content\/uploads\/2022\/02\/Jaatmevaba-uritus-768x341.jpg 768w\" sizes=\"(max-width: 900px) 100vw, 900px\" \/><\/a><\/figure>\n\n<h2 class=\"wp-block-post-title\"><a href=\"https:\/\/ringo.eco\/en\/for-customer\/jaatmevaba-uritus\/\" target=\"_self\" rel=\"\">J\u00e4\u00e4tmevaba \u00fcritus<\/a><\/h2>\n<\/li><li class=\"wp-block-post post-515 post type-post status-publish format-standard has-post-thumbnail hentry category-for-customer\">\n<figure class=\"wp-container-7 alignwide wp-block-post-featured-image\"><a href=\"https:\/\/ringo.eco\/en\/for-customer\/toidu-kaasamuuk-korduspakendisse\/\"><img width=\"900\" height=\"400\" src=\"https:\/\/ringo.eco\/content\/uploads\/2022\/02\/Toidu-kaasamuuk-korduspakendisse.jpg\" class=\"attachment-post-thumbnail size-post-thumbnail wp-post-image\" alt=\"Toidu kaasam\u00fc\u00fck korduspakendisse\" loading=\"lazy\" srcset=\"https:\/\/ringo.eco\/content\/uploads\/2022\/02\/Toidu-kaasamuuk-korduspakendisse.jpg 900w, https:\/\/ringo.eco\/content\/uploads\/2022\/02\/Toidu-kaasamuuk-korduspakendisse-300x133.jpg 300w, https:\/\/ringo.eco\/content\/uploads\/2022\/02\/Toidu-kaasamuuk-korduspakendisse-768x341.jpg 768w\" sizes=\"(max-width: 900px) 100vw, 900px\" \/><\/a><\/figure>\n\n<h2 class=\"wp-block-post-title\"><a href=\"https:\/\/ringo.eco\/en\/for-customer\/toidu-kaasamuuk-korduspakendisse\/\" target=\"_self\" rel=\"\">Toidu kaasam\u00fc\u00fck korduspakendisse<\/a><\/h2>\n<\/li><li class=\"wp-block-post post-510 post type-post status-publish format-standard has-post-thumbnail hentry category-for-customer\">\n<figure class=\"wp-container-8 alignwide wp-block-post-featured-image\"><a href=\"https:\/\/ringo.eco\/en\/for-customer\/pakendi-hugieen-ja-puhtus\/\"><img width=\"900\" height=\"400\" src=\"https:\/\/ringo.eco\/content\/uploads\/2022\/02\/Pakendi-hugieen-ja-puhtus.jpg\" class=\"attachment-post-thumbnail size-post-thumbnail wp-post-image\" alt=\"Pakendi h\u00fcgieen ja puhtus\" loading=\"lazy\" srcset=\"https:\/\/ringo.eco\/content\/uploads\/2022\/02\/Pakendi-hugieen-ja-puhtus.jpg 900w, https:\/\/ringo.eco\/content\/uploads\/2022\/02\/Pakendi-hugieen-ja-puhtus-300x133.jpg 300w, https:\/\/ringo.eco\/content\/uploads\/2022\/02\/Pakendi-hugieen-ja-puhtus-768x341.jpg 768w\" sizes=\"(max-width: 900px) 100vw, 900px\" \/><\/a><\/figure>\n\n<h2 class=\"wp-block-post-title\"><a href=\"https:\/\/ringo.eco\/en\/for-customer\/pakendi-hugieen-ja-puhtus\/\" target=\"_self\" rel=\"\">Pakendi h\u00fcgieen ja puhtus<\/a><\/h2>\n<\/li><li class=\"wp-block-post post-233 post type-post status-publish format-standard has-post-thumbnail hentry category-for-customer\">\n<figure class=\"wp-container-9 alignwide wp-block-post-featured-image\"><a href=\"https:\/\/ringo.eco\/en\/for-customer\/roheline-kontor\/\"><img width=\"900\" height=\"400\" src=\"https:\/\/ringo.eco\/content\/uploads\/2022\/02\/ringo-cup.jpg\" class=\"attachment-post-thumbnail size-post-thumbnail wp-post-image\" alt=\"Roheline kontor\" loading=\"lazy\" srcset=\"https:\/\/ringo.eco\/content\/uploads\/2022\/02\/ringo-cup.jpg 900w, https:\/\/ringo.eco\/content\/uploads\/2022\/02\/ringo-cup-300x133.jpg 300w, https:\/\/ringo.eco\/content\/uploads\/2022\/02\/ringo-cup-768x341.jpg 768w\" sizes=\"(max-width: 900px) 100vw, 900px\" \/><\/a><\/figure>\n\n<h2 class=\"wp-block-post-title\"><a href=\"https:\/\/ringo.eco\/en\/for-customer\/roheline-kontor\/\" target=\"_self\" rel=\"\">Roheline kontor<\/a><\/h2>\n<\/li><\/ul><\/div>\n","protected":false},"excerpt":{"rendered":"","protected":false},"author":1,"featured_media":0,"parent":0,"menu_order":0,"comment_status":"closed","ping_status":"closed","template":"","meta":{"inline_featured_image":false},"acf":[],"yoast_head":"<title>For Customer - Ringo<\/title>\n<meta name=\"description\" content=\"Meie eesm\u00e4rk on v\u00e4hendada \u00fchekordsete pakendite pr\u00fcgi. Ringo Eco arendab skaleeritavat, avatud ja neutraalset korduspakendite platvormi. Oma pakendeid v\u00f5ivad Ringo platvormile tuua toidutootjad, restoranid ja kaupmehed. Ringo Eco tagab korje, pesu ja pakendite haldamise. L\u00f5pp-tarbijatele pakub Ringo Eco korduspakendite korje ja \u00e4raveo teenuseid. Tagastuskaste v\u00f5ivad tellida kontorihooned, toidukohad, \u00fchistud, eramajad jt.\" \/>\n<meta name=\"robots\" content=\"index, follow, max-snippet:-1, max-image-preview:large, max-video-preview:-1\" \/>\n<link rel=\"canonical\" href=\"https:\/\/ringo.eco\/en\/for-customer\/\" \/>\n<meta property=\"og:locale\" content=\"en_US\" \/>\n<meta property=\"og:type\" content=\"article\" \/>\n<meta property=\"og:title\" content=\"For Customer - Ringo\" \/>\n<meta property=\"og:description\" content=\"Meie eesm\u00e4rk on v\u00e4hendada \u00fchekordsete pakendite pr\u00fcgi. Ringo Eco arendab skaleeritavat, avatud ja neutraalset korduspakendite platvormi. Oma pakendeid v\u00f5ivad Ringo platvormile tuua toidutootjad, restoranid ja kaupmehed. Ringo Eco tagab korje, pesu ja pakendite haldamise. L\u00f5pp-tarbijatele pakub Ringo Eco korduspakendite korje ja \u00e4raveo teenuseid. Tagastuskaste v\u00f5ivad tellida kontorihooned, toidukohad, \u00fchistud, eramajad jt.\" \/>\n<meta property=\"og:url\" content=\"https:\/\/ringo.eco\/en\/for-customer\/\" \/>\n<meta property=\"og:site_name\" content=\"Ringo\" \/>\n<meta property=\"article:publisher\" content=\"https:\/\/www.facebook.com\/ringo.eesti\" \/>\n<meta property=\"article:modified_time\" content=\"2022-02-20T10:33:12+00:00\" \/>\n<meta property=\"og:image\" content=\"https:\/\/ringo.eco\/content\/uploads\/2022\/03\/Jaatmevaba-uritus.jpg\" \/>\n\t<meta property=\"og:image:width\" content=\"900\" \/>\n\t<meta property=\"og:image:height\" content=\"400\" \/>\n\t<meta property=\"og:image:type\" content=\"image\/jpeg\" \/>\n<meta name=\"twitter:card\" content=\"summary_large_image\" \/>\n<script type=\"application\/ld+json\" class=\"yoast-schema-graph\">{\"@context\":\"https:\/\/schema.org\",\"@graph\":[{\"@type\":\"Organization\",\"@id\":\"https:\/\/ringo.eco\/#organization\",\"name\":\"Ringo Eco\",\"url\":\"https:\/\/ringo.eco\/\",\"sameAs\":[\"https:\/\/www.facebook.com\/ringo.eesti\",\"https:\/\/www.instagram.com\/ringo.eesti\/\",\"https:\/\/www.linkedin.com\/company\/ringo-eco\/\",\"https:\/\/www.youtube.com\/channel\/UCr7xYm01CfRlsL-v9zU3hxw\"],\"logo\":{\"@type\":\"ImageObject\",\"@id\":\"https:\/\/ringo.eco\/#logo\",\"inLanguage\":\"en-US\",\"url\":\"https:\/\/ringo.eco\/content\/uploads\/2022\/02\/ringo-logo.svg\",\"contentUrl\":\"https:\/\/ringo.eco\/content\/uploads\/2022\/02\/ringo-logo.svg\",\"width\":487,\"height\":212,\"caption\":\"Ringo Eco\"},\"image\":{\"@id\":\"https:\/\/ringo.eco\/#logo\"}},{\"@type\":\"WebSite\",\"@id\":\"https:\/\/ringo.eco\/#website\",\"url\":\"https:\/\/ringo.eco\/\",\"name\":\"Ringo\",\"description\":\"Keeping our nature clean\",\"publisher\":{\"@id\":\"https:\/\/ringo.eco\/#organization\"},\"potentialAction\":[{\"@type\":\"SearchAction\",\"target\":{\"@type\":\"EntryPoint\",\"urlTemplate\":\"https:\/\/ringo.eco\/?s={search_term_string}\"},\"query-input\":\"required name=search_term_string\"}],\"inLanguage\":\"en-US\"},{\"@type\":\"WebPage\",\"@id\":\"https:\/\/ringo.eco\/en\/for-customer\/#webpage\",\"url\":\"https:\/\/ringo.eco\/en\/for-customer\/\",\"name\":\"For Customer - Ringo\",\"isPartOf\":{\"@id\":\"https:\/\/ringo.eco\/#website\"},\"datePublished\":\"2022-02-14T06:49:42+00:00\",\"dateModified\":\"2022-02-20T10:33:12+00:00\",\"description\":\"Meie eesm\u00e4rk on v\u00e4hendada \u00fchekordsete pakendite pr\u00fcgi. Ringo Eco arendab skaleeritavat, avatud ja neutraalset korduspakendite platvormi. Oma pakendeid v\u00f5ivad Ringo platvormile tuua toidutootjad, restoranid ja kaupmehed. Ringo Eco tagab korje, pesu ja pakendite haldamise. L\u00f5pp-tarbijatele pakub Ringo Eco korduspakendite korje ja \u00e4raveo teenuseid. Tagastuskaste v\u00f5ivad tellida kontorihooned, toidukohad, \u00fchistud, eramajad jt.\",\"breadcrumb\":{\"@id\":\"https:\/\/ringo.eco\/en\/for-customer\/#breadcrumb\"},\"inLanguage\":\"en-US\",\"potentialAction\":[{\"@type\":\"ReadAction\",\"target\":[\"https:\/\/ringo.eco\/en\/for-customer\/\"]}]},{\"@type\":\"BreadcrumbList\",\"@id\":\"https:\/\/ringo.eco\/en\/for-customer\/#breadcrumb\",\"itemListElement\":[{\"@type\":\"ListItem\",\"position\":1,\"name\":\"Home\",\"item\":\"https:\/\/ringo.eco\/en\/\"},{\"@type\":\"ListItem\",\"position\":2,\"name\":\"For Customer\"}]}]}<\/script>","yoast_head_json":{"title":"For Customer - Ringo","description":"Meie eesm\u00e4rk on v\u00e4hendada \u00fchekordsete pakendite pr\u00fcgi. Ringo Eco arendab skaleeritavat, avatud ja neutraalset korduspakendite platvormi. Oma pakendeid v\u00f5ivad Ringo platvormile tuua toidutootjad, restoranid ja kaupmehed. Ringo Eco tagab korje, pesu ja pakendite haldamise. L\u00f5pp-tarbijatele pakub Ringo Eco korduspakendite korje ja \u00e4raveo teenuseid. Tagastuskaste v\u00f5ivad tellida kontorihooned, toidukohad, \u00fchistud, eramajad jt.","robots":{"index":"index","follow":"follow","max-snippet":"max-snippet:-1","max-image-preview":"max-image-preview:large","max-video-preview":"max-video-preview:-1"},"canonical":"https:\/\/ringo.eco\/en\/for-customer\/","og_locale":"en_US","og_type":"article","og_title":"For Customer - Ringo","og_description":"Meie eesm\u00e4rk on v\u00e4hendada \u00fchekordsete pakendite pr\u00fcgi. Ringo Eco arendab skaleeritavat, avatud ja neutraalset korduspakendite platvormi. Oma pakendeid v\u00f5ivad Ringo platvormile tuua toidutootjad, restoranid ja kaupmehed. Ringo Eco tagab korje, pesu ja pakendite haldamise. L\u00f5pp-tarbijatele pakub Ringo Eco korduspakendite korje ja \u00e4raveo teenuseid. Tagastuskaste v\u00f5ivad tellida kontorihooned, toidukohad, \u00fchistud, eramajad jt.","og_url":"https:\/\/ringo.eco\/en\/for-customer\/","og_site_name":"Ringo","article_publisher":"https:\/\/www.facebook.com\/ringo.eesti","article_modified_time":"2022-02-20T10:33:12+00:00","og_image":[{"width":900,"height":400,"url":"https:\/\/ringo.eco\/content\/uploads\/2022\/03\/Jaatmevaba-uritus.jpg","type":"image\/jpeg"}],"twitter_card":"summary_large_image","schema":{"@context":"https:\/\/schema.org","@graph":[{"@type":"Organization","@id":"https:\/\/ringo.eco\/#organization","name":"Ringo Eco","url":"https:\/\/ringo.eco\/","sameAs":["https:\/\/www.facebook.com\/ringo.eesti","https:\/\/www.instagram.com\/ringo.eesti\/","https:\/\/www.linkedin.com\/company\/ringo-eco\/","https:\/\/www.youtube.com\/channel\/UCr7xYm01CfRlsL-v9zU3hxw"],"logo":{"@type":"ImageObject","@id":"https:\/\/ringo.eco\/#logo","inLanguage":"en-US","url":"https:\/\/ringo.eco\/content\/uploads\/2022\/02\/ringo-logo.svg","contentUrl":"https:\/\/ringo.eco\/content\/uploads\/2022\/02\/ringo-logo.svg","width":487,"height":212,"caption":"Ringo Eco"},"image":{"@id":"https:\/\/ringo.eco\/#logo"}},{"@type":"WebSite","@id":"https:\/\/ringo.eco\/#website","url":"https:\/\/ringo.eco\/","name":"Ringo","description":"Keeping our nature clean","publisher":{"@id":"https:\/\/ringo.eco\/#organization"},"potentialAction":[{"@type":"SearchAction","target":{"@type":"EntryPoint","urlTemplate":"https:\/\/ringo.eco\/?s={search_term_string}"},"query-input":"required name=search_term_string"}],"inLanguage":"en-US"},{"@type":"WebPage","@id":"https:\/\/ringo.eco\/en\/for-customer\/#webpage","url":"https:\/\/ringo.eco\/en\/for-customer\/","name":"For Customer - Ringo","isPartOf":{"@id":"https:\/\/ringo.eco\/#website"},"datePublished":"2022-02-14T06:49:42+00:00","dateModified":"2022-02-20T10:33:12+00:00","description":"Meie eesm\u00e4rk on v\u00e4hendada \u00fchekordsete pakendite pr\u00fcgi. Ringo Eco arendab skaleeritavat, avatud ja neutraalset korduspakendite platvormi. Oma pakendeid v\u00f5ivad Ringo platvormile tuua toidutootjad, restoranid ja kaupmehed. Ringo Eco tagab korje, pesu ja pakendite haldamise. L\u00f5pp-tarbijatele pakub Ringo Eco korduspakendite korje ja \u00e4raveo teenuseid. Tagastuskaste v\u00f5ivad tellida kontorihooned, toidukohad, \u00fchistud, eramajad jt.","breadcrumb":{"@id":"https:\/\/ringo.eco\/en\/for-customer\/#breadcrumb"},"inLanguage":"en-US","potentialAction":[{"@type":"ReadAction","target":["https:\/\/ringo.eco\/en\/for-customer\/"]}]},{"@type":"BreadcrumbList","@id":"https:\/\/ringo.eco\/en\/for-customer\/#breadcrumb","itemListElement":[{"@type":"ListItem","position":1,"name":"Home","item":"https:\/\/ringo.eco\/en\/"},{"@type":"ListItem","position":2,"name":"For Customer"}]}]}},"_links":{"self":[{"href":"https:\/\/ringo.eco\/en\/wp-json\/wp\/v2\/pages\/225"}],"collection":[{"href":"https:\/\/ringo.eco\/en\/wp-json\/wp\/v2\/pages"}],"about":[{"href":"https:\/\/ringo.eco\/en\/wp-json\/wp\/v2\/types\/page"}],"author":[{"embeddable":true,"href":"https:\/\/ringo.eco\/en\/wp-json\/wp\/v2\/users\/1"}],"replies":[{"embeddable":true,"href":"https:\/\/ringo.eco\/en\/wp-json\/wp\/v2\/comments?post=225"}],"version-history":[{"count":6,"href":"https:\/\/ringo.eco\/en\/wp-json\/wp\/v2\/pages\/225\/revisions"}],"predecessor-version":[{"id":509,"href":"https:\/\/ringo.eco\/en\/wp-json\/wp\/v2\/pages\/225\/revisions\/509"}],"wp:attachment":[{"href":"https:\/\/ringo.eco\/en\/wp-json\/wp\/v2\/media?parent=225"}],"curies":[{"name":"wp","href":"https:\/\/api.w.org\/{rel}","templated":true}]}}