{"id":188,"date":"2022-02-14T08:47:44","date_gmt":"2022-02-14T06:47:44","guid":{"rendered":"https:\/\/ringo.eco\/homepage\/"},"modified":"2022-11-24T10:02:36","modified_gmt":"2022-11-24T08:02:36","slug":"homepage","status":"publish","type":"page","link":"https:\/\/ringo.eco\/en\/","title":{"rendered":"Homepage"},"content":{"rendered":"\n<div class=\"wp-container-1 wp-block-group section section--hero\"><div class=\"hero-block\">\n\n\t<img class=\"hero-image\" src=\"https:\/\/ringo.eco\/content\/themes\/ringo\/assets\/images\/trees.png\" alt=\"Trees\">\n\n\t<h1>Keeping our nature clean<\/h1>\n\n\t<form class=\"sign-up-form\" action=\"https:\/\/qr.ringo.eco\/\" method=\"get\">\n\t\t\n\n\t\t<button type=\"submit\" class=\"button sign-up-form__submit\">Log in | Start<\/button>\n\t<\/form>\n\n\t<a class=\"glightbox play-video\" href=\"https:\/\/youtu.be\/Zyqm4byp8UY\">\n\tWatch Video\n\t\t<svg width=\"24\" height=\"24\" viewBox=\"0 0 24 24\" fill=\"none\" xmlns=\"http:\/\/www.w3.org\/2000\/svg\">\n\t\t\t<path d=\"M8 6V18L18 12L8 6Z\" stroke=\"#001A72\" stroke-width=\"1.5\" stroke-linejoin=\"round\"\/>\n\t\t<\/svg>\n\t<\/a>\n\n<\/div>\n<\/div>\n\n\n\n<section class=\"wp-container-8 wp-block-group section section--guide\">\n<h2 class=\"has-text-align-center title title--section\" id=\"juhend-pandi-tagastamiseks\">Instruction how to get a deposit back<\/h2>\n\n\n\n<div class=\"wp-container-6 wp-block-columns step-blocks\">\n<div class=\"wp-container-2 wp-block-column\"><div class=\"step-block\">\n\t<img width=\"273\" height=\"300\" src=\"https:\/\/ringo.eco\/content\/uploads\/2022\/02\/how_to_1-273x300.png\" class=\"attachment-medium size-medium\" alt=\"\" loading=\"lazy\" srcset=\"https:\/\/ringo.eco\/content\/uploads\/2022\/02\/how_to_1-273x300.png 273w, https:\/\/ringo.eco\/content\/uploads\/2022\/02\/how_to_1-931x1024.png 931w, https:\/\/ringo.eco\/content\/uploads\/2022\/02\/how_to_1-768x845.png 768w, https:\/\/ringo.eco\/content\/uploads\/2022\/02\/how_to_1.png 1139w\" sizes=\"(max-width: 273px) 100vw, 273px\" \/>\n\t<p>Choose reusable package. Pay deposit.<\/p>\n<\/div>\n<\/div>\n\n\n\n<div class=\"wp-container-3 wp-block-column\"><div class=\"step-block\">\n\t<img width=\"300\" height=\"300\" src=\"https:\/\/ringo.eco\/content\/uploads\/2022\/02\/how_to_2-300x300.png\" class=\"attachment-medium size-medium\" alt=\"\" loading=\"lazy\" srcset=\"https:\/\/ringo.eco\/content\/uploads\/2022\/02\/how_to_2-300x300.png 300w, https:\/\/ringo.eco\/content\/uploads\/2022\/02\/how_to_2-1024x1024.png 1024w, https:\/\/ringo.eco\/content\/uploads\/2022\/02\/how_to_2-150x150.png 150w, https:\/\/ringo.eco\/content\/uploads\/2022\/02\/how_to_2-768x769.png 768w, https:\/\/ringo.eco\/content\/uploads\/2022\/02\/how_to_2.png 1136w\" sizes=\"(max-width: 300px) 100vw, 300px\" \/>\n\t<p>When package is empty, scan QR code.<\/p>\n<\/div>\n<\/div>\n\n\n\n<div class=\"wp-container-4 wp-block-column\"><div class=\"step-block\">\n\t<img width=\"300\" height=\"300\" src=\"https:\/\/ringo.eco\/content\/uploads\/2022\/02\/how_to_3-300x300.png\" class=\"attachment-medium size-medium\" alt=\"\" loading=\"lazy\" srcset=\"https:\/\/ringo.eco\/content\/uploads\/2022\/02\/how_to_3-300x300.png 300w, https:\/\/ringo.eco\/content\/uploads\/2022\/02\/how_to_3-1024x1024.png 1024w, https:\/\/ringo.eco\/content\/uploads\/2022\/02\/how_to_3-150x150.png 150w, https:\/\/ringo.eco\/content\/uploads\/2022\/02\/how_to_3-768x768.png 768w, https:\/\/ringo.eco\/content\/uploads\/2022\/02\/how_to_3.png 1139w\" sizes=\"(max-width: 300px) 100vw, 300px\" \/>\n\t<p>Take the empty package to the return box.<\/p>\n<\/div>\n<\/div>\n\n\n\n<div class=\"wp-container-5 wp-block-column\"><div class=\"step-block\">\n\t<img width=\"300\" height=\"300\" src=\"https:\/\/ringo.eco\/content\/uploads\/2022\/02\/how_to_4-300x300.png\" class=\"attachment-medium size-medium\" alt=\"\" loading=\"lazy\" srcset=\"https:\/\/ringo.eco\/content\/uploads\/2022\/02\/how_to_4-300x300.png 300w, https:\/\/ringo.eco\/content\/uploads\/2022\/02\/how_to_4-1024x1024.png 1024w, https:\/\/ringo.eco\/content\/uploads\/2022\/02\/how_to_4-150x150.png 150w, https:\/\/ringo.eco\/content\/uploads\/2022\/02\/how_to_4-768x767.png 768w, https:\/\/ringo.eco\/content\/uploads\/2022\/02\/how_to_4.png 1139w\" sizes=\"(max-width: 300px) 100vw, 300px\" \/>\n\t<p>The deposit will be transferred back to the account of your choice.<\/p>\n<\/div>\n<\/div>\n<\/div>\n\n\n\n<div class=\"wp-container-7 wp-block-buttons\" style=\"margin-top:24px\">\n<div class=\"wp-block-button is-style-fill\"><a class=\"wp-block-button__link has-brand-color has-secondary-background-color has-text-color has-background\" href=\"https:\/\/qr.ringo.eco\/qrcode\/scanner\">Start Scanner<\/a><\/div>\n<\/div>\n<\/section>\n\n\n\n<section class=\"wp-container-9 wp-block-group section section--return-points\">\n<h2 class=\"has-text-align-center title title--section\" id=\"tagastuspunktid\">Return bins<\/h2>\n\n\n<div\n\tx-data=\"pointsmap( [30,49,50,46,39,48,47,33,45], 30 )\"\n\tx-intersect.once=\"shouldLoadMap = true\"\n\tclass=\"map-container\"\n>\n\n\t<div class=\"map-block-map-options\">\n\t\t<div class=\"map-block-filters\">\n\t\t\t<div class=\"map-block-filter\">\n\t\t\t\t<input x-model=\"showPublic\" type=\"checkbox\" checked>\n\t\t\t\t<label for=\"public\">\n\t\t\t\t\t<img height=\"32\" src=\"https:\/\/ringo.eco\/content\/themes\/ringo\/assets\/images\/marker-public@2x.png\">\n\t\t\t\t\tM &amp; L size return bins\t\t\t\t<\/label>\n\t\t\t<\/div>\n\n\t\t\t<div class=\"map-block-filter\">\n\t\t\t\t<input x-model=\"showPrivate\" type=\"checkbox\" checked>\n\t\t\t\t<label for=\"private\">\n\t\t\t\t\t<img height=\"32\" src=\"https:\/\/ringo.eco\/content\/themes\/ringo\/assets\/images\/marker-private@2x.png\">\n\t\t\t\t\tPrivate return bins\t\t\t\t<\/label>\n\t\t\t<\/div>\n\n\t\t\t<div class=\"map-block-filter\">\n\t\t\t\t<input x-model=\"showXL\" type=\"checkbox\" checked>\n\t\t\t\t<label for=\"xl\">\n\t\t\t\t\t<img height=\"32\" src=\"https:\/\/ringo.eco\/content\/themes\/ringo\/assets\/images\/marker-xl@2x.png\">\n\t\t\t\t\tXL size return station\t\t\t\t<\/label>\n\t\t\t<\/div>\n\t\t<\/div>\n\n\t\t<select x-model=\"locationId\" class=\"map-block-select\">\n\t\t\t<option x-ref=\"city-15\" value=\"15\" data-location=\"{&quot;id&quot;:15,&quot;lat&quot;:59.436441,&quot;lon&quot;:24.7511953,&quot;zoom&quot;:11}\" >Tallinn ()<\/option><option x-ref=\"city-49\" value=\"49\" data-location=\"{&quot;id&quot;:49,&quot;lat&quot;:59.35655658559029,&quot;lon&quot;:24.892577293480453,&quot;zoom&quot;:10}\" >J\u00fcri ()<\/option><option x-ref=\"city-50\" value=\"50\" data-location=\"{&quot;id&quot;:50,&quot;lat&quot;:59.31054722902068,&quot;lon&quot;:24.43747324123466,&quot;zoom&quot;:10}\" >Keila ()<\/option><option x-ref=\"city-46\" value=\"46\" data-location=\"{&quot;id&quot;:46,&quot;lat&quot;:59.443217199747274,&quot;lon&quot;:24.929411509233173,&quot;zoom&quot;:10}\" >Loo ()<\/option><option x-ref=\"city-38\" value=\"38\" data-location=\"{&quot;id&quot;:38,&quot;lat&quot;:58.37257,&quot;lon&quot;:24.504315,&quot;zoom&quot;:15}\" >P\u00e4rnu ()<\/option><option x-ref=\"city-48\" value=\"48\" data-location=\"{&quot;id&quot;:48,&quot;lat&quot;:59.31191661391493,&quot;lon&quot;:24.681473592474486,&quot;zoom&quot;:10}\" >Saku vald ()<\/option><option x-ref=\"city-47\" value=\"47\" data-location=\"{&quot;id&quot;:47,&quot;lat&quot;:59.32284288299446,&quot;lon&quot;:24.567238027281903,&quot;zoom&quot;:10}\" >Saue ()<\/option><option x-ref=\"city-16\" value=\"16\" data-location=\"{&quot;id&quot;:16,&quot;lat&quot;:58.38062,&quot;lon&quot;:26.72509,&quot;zoom&quot;:11}\" >Tartu ()<\/option><option x-ref=\"city-45\" value=\"45\" data-location=\"{&quot;id&quot;:45,&quot;lat&quot;:59.43262769540387,&quot;lon&quot;:24.56354930570416,&quot;zoom&quot;:10}\" >Tiskre ()<\/option>\t\t<\/select>\n\t<\/div>\n\n\t<div x-ref=\"mapDiv\" class=\"block-points-map\"><\/div>\n<\/div>\n<\/section>\n\n\n<section class=\"section section--mission\" style=\"background: linear-gradient( rgba( 75, 42, 95, 0.9 ), rgba( 75, 42, 95, 0.9 ) ), url( 'https:\/\/ringo.eco\/content\/uploads\/2022\/02\/hand_background.jpg' ) fixed center center \/ cover;\">\n\t\n\n<h2 class=\"has-text-align-center\" id=\"meie-eesmark-on-vahendada-uhekordsete-pakendite-prugi\">Ringo mission is to eliminate disposable packaging waste<\/h2>\n\n\n\n<p class=\"has-text-align-center\">Ringo develops open platform for reusable packages. Every retailer, restaurant or food producer can join the platform with their reusable packages. Ringo Eco provides collection, washing, deposit handling.<\/p>\n\n\n\n<p class=\"has-text-align-center\"> For end-users, Ringo Eco provides collection services for resuable packages. Ringo return bins, can be ordered by office buildings, restaurants, apartment buildings, private houses, etc.<\/p>\n\n\n<\/section>\n","protected":false},"excerpt":{"rendered":"<p>Instruction how to get a deposit back Return bins<\/p>\n","protected":false},"author":1,"featured_media":0,"parent":0,"menu_order":0,"comment_status":"closed","ping_status":"closed","template":"","meta":{"inline_featured_image":false},"acf":[],"yoast_head":"<title>Homepage - Ringo<\/title>\n<meta name=\"description\" content=\"Ringo Eco arendab avatud ja neutraalset korduspakendite platvormi. Oma pakendeid v\u00f5ivad Ringo platvormile tuua toidutootjad, restoranid ja kaupmehed. Ringo Eco tagab korje, pesu ja pakendite haldamise.L\u00f5pp-tarbijatele pakub Ringo Eco korduspakendite korje ja \u00e4raveo teenuseid. Tagastuskaste v\u00f5ivad tellida kontorihooned, toidukohad, \u00fchistud, eramajad jt.\" \/>\n<meta name=\"robots\" content=\"index, follow, max-snippet:-1, max-image-preview:large, max-video-preview:-1\" \/>\n<link rel=\"canonical\" href=\"https:\/\/ringo.eco\/en\/\" \/>\n<meta property=\"og:locale\" content=\"en_US\" \/>\n<meta property=\"og:type\" content=\"article\" \/>\n<meta property=\"og:title\" content=\"Homepage - Ringo\" \/>\n<meta property=\"og:description\" content=\"Ringo Eco arendab avatud ja neutraalset korduspakendite platvormi. Oma pakendeid v\u00f5ivad Ringo platvormile tuua toidutootjad, restoranid ja kaupmehed. Ringo Eco tagab korje, pesu ja pakendite haldamise.L\u00f5pp-tarbijatele pakub Ringo Eco korduspakendite korje ja \u00e4raveo teenuseid. Tagastuskaste v\u00f5ivad tellida kontorihooned, toidukohad, \u00fchistud, eramajad jt.\" \/>\n<meta property=\"og:url\" content=\"https:\/\/ringo.eco\/en\/\" \/>\n<meta property=\"og:site_name\" content=\"Ringo\" \/>\n<meta property=\"article:publisher\" content=\"https:\/\/www.facebook.com\/ringo.eesti\" \/>\n<meta property=\"article:modified_time\" content=\"2022-11-24T08:02:36+00:00\" \/>\n<meta property=\"og:image\" content=\"https:\/\/ringo.eco\/content\/uploads\/2022\/03\/Jaatmevaba-uritus.jpg\" \/>\n\t<meta property=\"og:image:width\" content=\"900\" \/>\n\t<meta property=\"og:image:height\" content=\"400\" \/>\n\t<meta property=\"og:image:type\" content=\"image\/jpeg\" \/>\n<meta name=\"twitter:card\" content=\"summary_large_image\" \/>\n<meta name=\"twitter:label1\" content=\"Est. reading time\" \/>\n\t<meta name=\"twitter:data1\" content=\"1 minute\" \/>\n<script type=\"application\/ld+json\" class=\"yoast-schema-graph\">{\"@context\":\"https:\/\/schema.org\",\"@graph\":[{\"@type\":\"Organization\",\"@id\":\"https:\/\/ringo.eco\/#organization\",\"name\":\"Ringo Eco\",\"url\":\"https:\/\/ringo.eco\/\",\"sameAs\":[\"https:\/\/www.facebook.com\/ringo.eesti\",\"https:\/\/www.instagram.com\/ringo.eesti\/\",\"https:\/\/www.linkedin.com\/company\/ringo-eco\/\",\"https:\/\/www.youtube.com\/channel\/UCr7xYm01CfRlsL-v9zU3hxw\"],\"logo\":{\"@type\":\"ImageObject\",\"@id\":\"https:\/\/ringo.eco\/#logo\",\"inLanguage\":\"en-US\",\"url\":\"https:\/\/ringo.eco\/content\/uploads\/2022\/02\/ringo-logo.svg\",\"contentUrl\":\"https:\/\/ringo.eco\/content\/uploads\/2022\/02\/ringo-logo.svg\",\"width\":487,\"height\":212,\"caption\":\"Ringo Eco\"},\"image\":{\"@id\":\"https:\/\/ringo.eco\/#logo\"}},{\"@type\":\"WebSite\",\"@id\":\"https:\/\/ringo.eco\/#website\",\"url\":\"https:\/\/ringo.eco\/\",\"name\":\"Ringo\",\"description\":\"Keeping our nature clean\",\"publisher\":{\"@id\":\"https:\/\/ringo.eco\/#organization\"},\"potentialAction\":[{\"@type\":\"SearchAction\",\"target\":{\"@type\":\"EntryPoint\",\"urlTemplate\":\"https:\/\/ringo.eco\/?s={search_term_string}\"},\"query-input\":\"required name=search_term_string\"}],\"inLanguage\":\"en-US\"},{\"@type\":\"WebPage\",\"@id\":\"https:\/\/ringo.eco\/en\/#webpage\",\"url\":\"https:\/\/ringo.eco\/en\/\",\"name\":\"Homepage - Ringo\",\"isPartOf\":{\"@id\":\"https:\/\/ringo.eco\/#website\"},\"datePublished\":\"2022-02-14T06:47:44+00:00\",\"dateModified\":\"2022-11-24T08:02:36+00:00\",\"description\":\"Ringo Eco arendab avatud ja neutraalset korduspakendite platvormi. Oma pakendeid v\u00f5ivad Ringo platvormile tuua toidutootjad, restoranid ja kaupmehed. Ringo Eco tagab korje, pesu ja pakendite haldamise.L\u00f5pp-tarbijatele pakub Ringo Eco korduspakendite korje ja \u00e4raveo teenuseid. Tagastuskaste v\u00f5ivad tellida kontorihooned, toidukohad, \u00fchistud, eramajad jt.\",\"breadcrumb\":{\"@id\":\"https:\/\/ringo.eco\/en\/#breadcrumb\"},\"inLanguage\":\"en-US\",\"potentialAction\":[{\"@type\":\"ReadAction\",\"target\":[\"https:\/\/ringo.eco\/en\/\"]}]},{\"@type\":\"BreadcrumbList\",\"@id\":\"https:\/\/ringo.eco\/en\/#breadcrumb\",\"itemListElement\":[{\"@type\":\"ListItem\",\"position\":1,\"name\":\"Home\",\"item\":\"https:\/\/ringo.eco\/en\/\"},{\"@type\":\"ListItem\",\"position\":2,\"name\":\"Homepage\"}]}]}<\/script>","yoast_head_json":{"title":"Homepage - Ringo","description":"Ringo Eco arendab avatud ja neutraalset korduspakendite platvormi. Oma pakendeid v\u00f5ivad Ringo platvormile tuua toidutootjad, restoranid ja kaupmehed. Ringo Eco tagab korje, pesu ja pakendite haldamise.L\u00f5pp-tarbijatele pakub Ringo Eco korduspakendite korje ja \u00e4raveo teenuseid. Tagastuskaste v\u00f5ivad tellida kontorihooned, toidukohad, \u00fchistud, eramajad jt.","robots":{"index":"index","follow":"follow","max-snippet":"max-snippet:-1","max-image-preview":"max-image-preview:large","max-video-preview":"max-video-preview:-1"},"canonical":"https:\/\/ringo.eco\/en\/","og_locale":"en_US","og_type":"article","og_title":"Homepage - Ringo","og_description":"Ringo Eco arendab avatud ja neutraalset korduspakendite platvormi. Oma pakendeid v\u00f5ivad Ringo platvormile tuua toidutootjad, restoranid ja kaupmehed. Ringo Eco tagab korje, pesu ja pakendite haldamise.L\u00f5pp-tarbijatele pakub Ringo Eco korduspakendite korje ja \u00e4raveo teenuseid. Tagastuskaste v\u00f5ivad tellida kontorihooned, toidukohad, \u00fchistud, eramajad jt.","og_url":"https:\/\/ringo.eco\/en\/","og_site_name":"Ringo","article_publisher":"https:\/\/www.facebook.com\/ringo.eesti","article_modified_time":"2022-11-24T08:02:36+00:00","og_image":[{"width":900,"height":400,"url":"https:\/\/ringo.eco\/content\/uploads\/2022\/03\/Jaatmevaba-uritus.jpg","type":"image\/jpeg"}],"twitter_card":"summary_large_image","twitter_misc":{"Est. reading time":"1 minute"},"schema":{"@context":"https:\/\/schema.org","@graph":[{"@type":"Organization","@id":"https:\/\/ringo.eco\/#organization","name":"Ringo Eco","url":"https:\/\/ringo.eco\/","sameAs":["https:\/\/www.facebook.com\/ringo.eesti","https:\/\/www.instagram.com\/ringo.eesti\/","https:\/\/www.linkedin.com\/company\/ringo-eco\/","https:\/\/www.youtube.com\/channel\/UCr7xYm01CfRlsL-v9zU3hxw"],"logo":{"@type":"ImageObject","@id":"https:\/\/ringo.eco\/#logo","inLanguage":"en-US","url":"https:\/\/ringo.eco\/content\/uploads\/2022\/02\/ringo-logo.svg","contentUrl":"https:\/\/ringo.eco\/content\/uploads\/2022\/02\/ringo-logo.svg","width":487,"height":212,"caption":"Ringo Eco"},"image":{"@id":"https:\/\/ringo.eco\/#logo"}},{"@type":"WebSite","@id":"https:\/\/ringo.eco\/#website","url":"https:\/\/ringo.eco\/","name":"Ringo","description":"Keeping our nature clean","publisher":{"@id":"https:\/\/ringo.eco\/#organization"},"potentialAction":[{"@type":"SearchAction","target":{"@type":"EntryPoint","urlTemplate":"https:\/\/ringo.eco\/?s={search_term_string}"},"query-input":"required name=search_term_string"}],"inLanguage":"en-US"},{"@type":"WebPage","@id":"https:\/\/ringo.eco\/en\/#webpage","url":"https:\/\/ringo.eco\/en\/","name":"Homepage - Ringo","isPartOf":{"@id":"https:\/\/ringo.eco\/#website"},"datePublished":"2022-02-14T06:47:44+00:00","dateModified":"2022-11-24T08:02:36+00:00","description":"Ringo Eco arendab avatud ja neutraalset korduspakendite platvormi. Oma pakendeid v\u00f5ivad Ringo platvormile tuua toidutootjad, restoranid ja kaupmehed. Ringo Eco tagab korje, pesu ja pakendite haldamise.L\u00f5pp-tarbijatele pakub Ringo Eco korduspakendite korje ja \u00e4raveo teenuseid. Tagastuskaste v\u00f5ivad tellida kontorihooned, toidukohad, \u00fchistud, eramajad jt.","breadcrumb":{"@id":"https:\/\/ringo.eco\/en\/#breadcrumb"},"inLanguage":"en-US","potentialAction":[{"@type":"ReadAction","target":["https:\/\/ringo.eco\/en\/"]}]},{"@type":"BreadcrumbList","@id":"https:\/\/ringo.eco\/en\/#breadcrumb","itemListElement":[{"@type":"ListItem","position":1,"name":"Home","item":"https:\/\/ringo.eco\/en\/"},{"@type":"ListItem","position":2,"name":"Homepage"}]}]}},"_links":{"self":[{"href":"https:\/\/ringo.eco\/en\/wp-json\/wp\/v2\/pages\/188"}],"collection":[{"href":"https:\/\/ringo.eco\/en\/wp-json\/wp\/v2\/pages"}],"about":[{"href":"https:\/\/ringo.eco\/en\/wp-json\/wp\/v2\/types\/page"}],"author":[{"embeddable":true,"href":"https:\/\/ringo.eco\/en\/wp-json\/wp\/v2\/users\/1"}],"replies":[{"embeddable":true,"href":"https:\/\/ringo.eco\/en\/wp-json\/wp\/v2\/comments?post=188"}],"version-history":[{"count":25,"href":"https:\/\/ringo.eco\/en\/wp-json\/wp\/v2\/pages\/188\/revisions"}],"predecessor-version":[{"id":2238,"href":"https:\/\/ringo.eco\/en\/wp-json\/wp\/v2\/pages\/188\/revisions\/2238"}],"wp:attachment":[{"href":"https:\/\/ringo.eco\/en\/wp-json\/wp\/v2\/media?parent=188"}],"curies":[{"name":"wp","href":"https:\/\/api.w.org\/{rel}","templated":true}]}}